{"id":1139,"date":"2023-01-17T14:02:20","date_gmt":"2023-01-17T12:02:20","guid":{"rendered":"http:\/\/www.textix.net\/wpv3\/?page_id=1139"},"modified":"2024-01-06T17:24:43","modified_gmt":"2024-01-06T15:24:43","slug":"kirjan-ystavat-3","status":"publish","type":"page","link":"https:\/\/www.textix.net\/?page_id=1139","title":{"rendered":"KIRJAN YST\u00c4V\u00c4T"},"content":{"rendered":"\n<h2 class=\"wp-block-heading block-editor-rich-text__editable block-editor-block-list__block wp-block is-selected rich-text has-black-color has-text-color\" id=\"block-02af4830-684d-4bef-88a0-0f0e205799ae\">Kirjan yst\u00e4viss\u00e4 esitell\u00e4\u00e4n kirjoja, joita itsekin luemme<\/h2>\n\n\n<div class=\"wp-block-image\">\n<figure class=\"alignleft size-full is-resized\"><a href=\"https:\/\/www.virtualmagnet.eu\/pub\/148\/KY-2023\/\"><img loading=\"lazy\" decoding=\"async\" src=\"http:\/\/www.textix.net\/wpv3\/wp-content\/uploads\/2023\/01\/KY-2023.png\" alt=\"Sivuston otsikkona on logo, jossa lukee TextixKustannus.\n\nKirjan yst\u00e4v\u00e4t 1 2023 -lehden kansikuvassa on kaunis nuori v\u00e4h\u00e4pukainen nainen, jolla on paksu nahkainen panta kaulassaan. H\u00e4n katsoo hieman utuisin silmin suoraan eteenp\u00e4in. Kannen alaosassa lukee Osta kirja - saat toisen, sek\u00e4 www.textix.net\" class=\"wp-image-1141\" width=\"507\" height=\"718\" srcset=\"https:\/\/www.textix.net\/wpv3\/wp-content\/uploads\/2023\/01\/KY-2023.png 612w, https:\/\/www.textix.net\/wpv3\/wp-content\/uploads\/2023\/01\/KY-2023-212x300.png 212w\" sizes=\"auto, (max-width: 507px) 100vw, 507px\" \/><\/a><\/figure>\n<\/div>\n\n\n<p class=\"has-black-color has-white-background-color has-text-color has-background\"><strong>KLIKKAA KUVAA TAI <a href=\"https:\/\/www.virtualmagnet.eu\/pub\/148\/KY-2023\/\">LINKKI\u00c4<\/a><\/strong><\/p>\n\n\n\n<p class=\"has-text-align-left\"><strong>Kirjan Yst\u00e4v\u00e4t  kertoo Textix Kustannuksen kirjoista. Mukana on my\u00f6s tarjous &#8221;Osta kirja &#8211; saat toisen&#8221;. LIs\u00e4ksi on  kilpailu, jossa on palkintoina meid\u00e4n julkaisemiamme kirjoja. Osallistuminen on helppoa, s\u00e4hk\u00f6posti riitt\u00e4\u00e4 osoitteeseen osallistun@textix.net tai textixkustannus@gmail.com<\/strong><\/p>\n\n\n\n<p><strong>Tarkemmin Kirjan yst\u00e4vist\u00e4!<\/strong><\/p>\n\n\n\n<p><strong>LUE KIRJAN ALKU!<\/strong><\/p>\n\n\n\n<p class=\"has-black-color has-text-color\"><em>Kaikista kirjoistamme julkaistaan nettisivuilla alku tai jokin muu kiinnostava kohta. Lue ennen ostop\u00e4\u00e4t\u00f6st\u00e4 tai ennen kuin osallistut leikkimieliseen kilpailuumme, joka julkistetaan Kirjan yst\u00e4viss\u00e4.<\/em><\/p>\n\n\n\n<p> <\/p>\n\n\n\n<p><\/p>\n","protected":false},"excerpt":{"rendered":"<p>Kirjan yst\u00e4viss\u00e4 esitell\u00e4\u00e4n kirjoja, joita itsekin luemme KLIKKAA KUVAA TAI LINKKI\u00c4 Kirjan Yst\u00e4v\u00e4t kertoo Textix Kustannuksen kirjoista. Mukana on my\u00f6s tarjous &#8221;Osta kirja &#8211; saat toisen&#8221;. LIs\u00e4ksi on kilpailu, jossa on palkintoina meid\u00e4n julkaisemiamme kirjoja. Osallistuminen on helppoa, s\u00e4hk\u00f6posti riitt\u00e4\u00e4 osoitteeseen osallistun@textix.net tai textixkustannus@gmail.com Tarkemmin Kirjan yst\u00e4vist\u00e4! LUE KIRJAN ALKU! Kaikista kirjoistamme julkaistaan nettisivuilla alku [&hellip;]<\/p>\n","protected":false},"author":4,"featured_media":0,"parent":0,"menu_order":0,"comment_status":"closed","ping_status":"closed","template":"","meta":{"footnotes":""},"class_list":["post-1139","page","type-page","status-publish","hentry"],"_links":{"self":[{"href":"https:\/\/www.textix.net\/index.php?rest_route=\/wp\/v2\/pages\/1139","targetHints":{"allow":["GET"]}}],"collection":[{"href":"https:\/\/www.textix.net\/index.php?rest_route=\/wp\/v2\/pages"}],"about":[{"href":"https:\/\/www.textix.net\/index.php?rest_route=\/wp\/v2\/types\/page"}],"author":[{"embeddable":true,"href":"https:\/\/www.textix.net\/index.php?rest_route=\/wp\/v2\/users\/4"}],"replies":[{"embeddable":true,"href":"https:\/\/www.textix.net\/index.php?rest_route=%2Fwp%2Fv2%2Fcomments&post=1139"}],"version-history":[{"count":26,"href":"https:\/\/www.textix.net\/index.php?rest_route=\/wp\/v2\/pages\/1139\/revisions"}],"predecessor-version":[{"id":1278,"href":"https:\/\/www.textix.net\/index.php?rest_route=\/wp\/v2\/pages\/1139\/revisions\/1278"}],"wp:attachment":[{"href":"https:\/\/www.textix.net\/index.php?rest_route=%2Fwp%2Fv2%2Fmedia&parent=1139"}],"curies":[{"name":"wp","href":"https:\/\/api.w.org\/{rel}","templated":true}]}}