{"id":1296,"date":"2024-01-08T13:22:22","date_gmt":"2024-01-08T11:22:22","guid":{"rendered":"https:\/\/www.textix.net\/?page_id=1296"},"modified":"2025-12-03T09:14:40","modified_gmt":"2025-12-03T07:14:40","slug":"viihdy-kanssamme","status":"publish","type":"page","link":"https:\/\/www.textix.net\/","title":{"rendered":"KUUKAUDEN TARJOUS"},"content":{"rendered":"\n<h2 class=\"wp-block-heading\">KOLME KIRJAA 40 EUROA<\/h2>\n\n\n\n<p>Jos tilaat kolme mit\u00e4 tahansa meid\u00e4n julkaisemaa kirjaa, saat ne 40 eurolla. Alvi ja postimaksu sis\u00e4ltyv\u00e4t hintaan.<\/p>\n\n\n\n<p>Huom! Tarjous koskee vain puhelimitse tai s\u00e4hk\u00f6postilla tehtyj\u00e4 tilauksia. Normaalihinta on 20 euroa kirja.<\/p>\n\n\n\n<h3 class=\"wp-block-heading\">N\u00c4IN TILAAT<\/h3>\n\n\n\n<p>Soita tilaajapalveluumme numeroon <strong>040 568 8148<\/strong> tai l\u00e4het\u00e4  osoitteeseen <strong>textixkustannus@gmail.com<\/strong> nimesi, osoitteesi, puhelinnumerosi ja mitk\u00e4 kolme kirjaa haluat tilata. Voit tilata my\u00f6s yhden kirjan tai niin monta kirjaa kuin haluat. Saat kirjasi ja laskun muutaman p\u00e4iv\u00e4n sis\u00e4ll\u00e4. Kiitos tilauksesta.<\/p>\n\n\n\n<p><em>Huom! Tarjous on voimassa vain niin kauan kuin kirjoja riitt\u00e4\u00e4!<\/em><\/p>\n\n\n\n<h3 class=\"wp-block-heading\">TUTUSTU KIRJOIHIMME NETTILEHDEST\u00c4 T\u00c4ST\u00c4 <a href=\"https:\/\/cloud.virtualmagnet.eu\/pub\/148\/TEXTIX-KIRJAT-2025\/\" data-type=\"link\" data-id=\"https:\/\/cloud.virtualmagnet.eu\/pub\/148\/TEXTIX-KIRJAT-2025\/\">LINKIST\u00c4<\/a>.<\/h3>\n\n\n\n<h3 class=\"wp-block-heading\"><img loading=\"lazy\" decoding=\"async\" src=\"https:\/\/www.textix.net\/wpv3\/wp-content\/uploads\/2025\/11\/kolme-kirjaa-tarjous.jpg\" alt=\"\" width=\"846\" height=\"959\"><\/h3>\n\n\n\n<p><em>Textix Kustannus on supisuomalainen pienkustantamo, joka julkaisee vain kirjoja, joita itsekin luemme.\u00a0Pieni kirja, iso ilo!<\/em><\/p>\n\n\n\n<p>Textix<br>Textix  Kustannus<br>Arcadic viihdetuotanto oy<br>Ly 0616582-6, kotipaikka Espoo, puhelin 040 568 8148<br>Alv.rek, luottoluokitus AAA<\/p>\n\n\n\n<p><\/p>\n\n\n\n<p><\/p>\n\n\n\n<p><\/p>\n","protected":false},"excerpt":{"rendered":"<p>KOLME KIRJAA 40 EUROA Jos tilaat kolme mit\u00e4 tahansa meid\u00e4n julkaisemaa kirjaa, saat ne 40 eurolla. Alvi ja postimaksu sis\u00e4ltyv\u00e4t hintaan. Huom! Tarjous koskee vain puhelimitse tai s\u00e4hk\u00f6postilla tehtyj\u00e4 tilauksia. Normaalihinta on 20 euroa kirja. N\u00c4IN TILAAT Soita tilaajapalveluumme numeroon 040 568 8148 tai l\u00e4het\u00e4 osoitteeseen textixkustannus@gmail.com nimesi, osoitteesi, puhelinnumerosi ja mitk\u00e4 kolme kirjaa haluat [&hellip;]<\/p>\n","protected":false},"author":4,"featured_media":0,"parent":0,"menu_order":0,"comment_status":"closed","ping_status":"closed","template":"","meta":{"footnotes":""},"_links":{"self":[{"href":"https:\/\/www.textix.net\/index.php?rest_route=\/wp\/v2\/pages\/1296"}],"collection":[{"href":"https:\/\/www.textix.net\/index.php?rest_route=\/wp\/v2\/pages"}],"about":[{"href":"https:\/\/www.textix.net\/index.php?rest_route=\/wp\/v2\/types\/page"}],"author":[{"embeddable":true,"href":"https:\/\/www.textix.net\/index.php?rest_route=\/wp\/v2\/users\/4"}],"replies":[{"embeddable":true,"href":"https:\/\/www.textix.net\/index.php?rest_route=%2Fwp%2Fv2%2Fcomments&post=1296"}],"version-history":[{"count":37,"href":"https:\/\/www.textix.net\/index.php?rest_route=\/wp\/v2\/pages\/1296\/revisions"}],"predecessor-version":[{"id":1449,"href":"https:\/\/www.textix.net\/index.php?rest_route=\/wp\/v2\/pages\/1296\/revisions\/1449"}],"wp:attachment":[{"href":"https:\/\/www.textix.net\/index.php?rest_route=%2Fwp%2Fv2%2Fmedia&parent=1296"}],"curies":[{"name":"wp","href":"https:\/\/api.w.org\/{rel}","templated":true}]}}