{"id":1409,"date":"2025-07-09T12:46:47","date_gmt":"2025-07-09T09:46:47","guid":{"rendered":"https:\/\/www.textix.net\/?page_id=1409"},"modified":"2025-07-10T10:42:24","modified_gmt":"2025-07-10T07:42:24","slug":"nettilehti","status":"publish","type":"page","link":"https:\/\/www.textix.net\/?page_id=1409","title":{"rendered":"NETTILEHTI"},"content":{"rendered":"\n<p>Onko lehden julkaiseminen k\u00e4ynyt liian kalliiksi?<\/p>\n\n\n\n<p><strong>NYT NETTIIN!<\/strong><\/p>\n\n\n\n<p>Vastaisku aina vain nouseville postimaksuille ja kasvaville painokuluille.<\/p>\n\n\n\n<p>Me teemme sinulle selailtavan verkkolehden Hesarin n\u00e4k\u00f6islehden tapaan. Eik\u00e4 maksa paljon!<\/p>\n\n\n\n<p>Voit tutustua meid\u00e4n omaan pdf:st\u00e4 tehtyyn nettilehteen <strong><a href=\"https:\/\/cloud.virtualmagnet.eu\/pub\/148\/TEXTIX-KIRJAT\/\" data-type=\"link\" data-id=\"https:\/\/cloud.virtualmagnet.eu\/pub\/148\/TEXTIX-KIRJAT\/\">t\u00e4st\u00e4<\/a>.<\/strong><\/p>\n\n\n\n<p>Ota rohkeasti yhteytt\u00e4.<\/p>\n\n\n\n<p>Terveisin<\/p>\n\n\n\n<p>Ali Kinnunen<\/p>\n\n\n\n<p>040&nbsp;568 8148<\/p>\n","protected":false},"excerpt":{"rendered":"<p>Onko lehden julkaiseminen k\u00e4ynyt liian kalliiksi? NYT NETTIIN! Vastaisku aina vain nouseville postimaksuille ja kasvaville painokuluille. Me teemme sinulle selailtavan verkkolehden Hesarin n\u00e4k\u00f6islehden tapaan. Eik\u00e4 maksa paljon! Voit tutustua meid\u00e4n omaan pdf:st\u00e4 tehtyyn nettilehteen t\u00e4st\u00e4. Ota rohkeasti yhteytt\u00e4. Terveisin Ali Kinnunen 040&nbsp;568 8148<\/p>\n","protected":false},"author":4,"featured_media":0,"parent":0,"menu_order":0,"comment_status":"closed","ping_status":"closed","template":"","meta":{"footnotes":""},"class_list":["post-1409","page","type-page","status-publish","hentry"],"_links":{"self":[{"href":"https:\/\/www.textix.net\/index.php?rest_route=\/wp\/v2\/pages\/1409","targetHints":{"allow":["GET"]}}],"collection":[{"href":"https:\/\/www.textix.net\/index.php?rest_route=\/wp\/v2\/pages"}],"about":[{"href":"https:\/\/www.textix.net\/index.php?rest_route=\/wp\/v2\/types\/page"}],"author":[{"embeddable":true,"href":"https:\/\/www.textix.net\/index.php?rest_route=\/wp\/v2\/users\/4"}],"replies":[{"embeddable":true,"href":"https:\/\/www.textix.net\/index.php?rest_route=%2Fwp%2Fv2%2Fcomments&post=1409"}],"version-history":[{"count":4,"href":"https:\/\/www.textix.net\/index.php?rest_route=\/wp\/v2\/pages\/1409\/revisions"}],"predecessor-version":[{"id":1416,"href":"https:\/\/www.textix.net\/index.php?rest_route=\/wp\/v2\/pages\/1409\/revisions\/1416"}],"wp:attachment":[{"href":"https:\/\/www.textix.net\/index.php?rest_route=%2Fwp%2Fv2%2Fmedia&parent=1409"}],"curies":[{"name":"wp","href":"https:\/\/api.w.org\/{rel}","templated":true}]}}