{"id":1429,"date":"2025-11-30T14:37:40","date_gmt":"2025-11-30T12:37:40","guid":{"rendered":"https:\/\/www.textix.net\/?page_id=1429"},"modified":"2025-12-02T17:57:03","modified_gmt":"2025-12-02T15:57:03","slug":"kuukauden-tarjous","status":"publish","type":"page","link":"https:\/\/www.textix.net\/?page_id=1429","title":{"rendered":"KUUKAUDEN TARJOUS"},"content":{"rendered":"<h2>KOLME KIRJAA 40 EUROA<\/h2>\n<p>Jos tilaa kolme mit\u00e4 tahansa meid\u00e4n julkaisemaa kirjaa, saat ne 40 eurolla. Alvi ja postimaksu sis\u00e4ltyv\u00e4t hintaan.<\/p>\n<p>Huom! Tarjous koskee vain puhelimitse tai s\u00e4hk\u00f6postilla tehtyj\u00e4 tilauksia. Normaalihinta on 60 euroa.<\/p>\n<h3>N\u00c4IN TILAAT<\/h3>\n<p><em><strong>Soita tilaajapalveluumme numeroon 040 568 8148 tai l\u00e4het\u00e4 tilaustietosi osoitteeseen textixkustannus@gmail.com nimesi, osoitteesi, puhelinnumerosi ja mitk\u00e4 kolme kirjaa haluat tilata. Saat kirjasi ja laskun muutaman p\u00e4iv\u00e4n sis\u00e4ll\u00e4. Kiitos tilauksesta.<\/strong><\/em><\/p>\n<h3>TUTUSTU KIRJOIHIMME NETTILEHDEST\u00c4 T\u00c4ST\u00c4 LINKIST\u00c4.<\/h3>\n<h3><img loading=\"lazy\" decoding=\"async\" class=\"size-full wp-image-1431 aligncenter\" src=\"https:\/\/www.textix.net\/wpv3\/wp-content\/uploads\/2025\/11\/kolme-kirjaa-tarjous.jpg\" alt=\"\" width=\"846\" height=\"959\" srcset=\"https:\/\/www.textix.net\/wpv3\/wp-content\/uploads\/2025\/11\/kolme-kirjaa-tarjous.jpg 846w, https:\/\/www.textix.net\/wpv3\/wp-content\/uploads\/2025\/11\/kolme-kirjaa-tarjous-265x300.jpg 265w, https:\/\/www.textix.net\/wpv3\/wp-content\/uploads\/2025\/11\/kolme-kirjaa-tarjous-768x871.jpg 768w\" sizes=\"auto, (max-width: 846px) 100vw, 846px\" \/><\/h3>\n<p>Textix kustannus on supisuomalainen pienkustantamo, joka julkaisee vain kirjoja, joita itsekin luemme.\u00a0Pieni kirja, iso iso!<\/p>\n<p>Textix<br \/>\nTextixKustannus<br \/>\nArcadic viihdetuotanto oy<br \/>\nLy 0616582-6, kotipaikka Espoo<br \/>\nAlv.rek, luottoluokitus AAA<\/p>\n<p>&nbsp;<\/p>\n<p>&nbsp;<\/p>\n<p>&nbsp;<\/p>\n","protected":false},"excerpt":{"rendered":"<p>KOLME KIRJAA 40 EUROA Jos tilaa kolme mit\u00e4 tahansa meid\u00e4n julkaisemaa kirjaa, saat ne 40 eurolla. Alvi ja postimaksu sis\u00e4ltyv\u00e4t hintaan. Huom! Tarjous koskee vain puhelimitse tai s\u00e4hk\u00f6postilla tehtyj\u00e4 tilauksia. Normaalihinta on 60 euroa. N\u00c4IN TILAAT Soita tilaajapalveluumme numeroon 040 568 8148 tai l\u00e4het\u00e4 tilaustietosi osoitteeseen textixkustannus@gmail.com nimesi, osoitteesi, puhelinnumerosi ja mitk\u00e4 kolme kirjaa haluat [&hellip;]<\/p>\n","protected":false},"author":4,"featured_media":0,"parent":0,"menu_order":0,"comment_status":"closed","ping_status":"closed","template":"","meta":{"footnotes":""},"class_list":["post-1429","page","type-page","status-publish","hentry"],"_links":{"self":[{"href":"https:\/\/www.textix.net\/index.php?rest_route=\/wp\/v2\/pages\/1429","targetHints":{"allow":["GET"]}}],"collection":[{"href":"https:\/\/www.textix.net\/index.php?rest_route=\/wp\/v2\/pages"}],"about":[{"href":"https:\/\/www.textix.net\/index.php?rest_route=\/wp\/v2\/types\/page"}],"author":[{"embeddable":true,"href":"https:\/\/www.textix.net\/index.php?rest_route=\/wp\/v2\/users\/4"}],"replies":[{"embeddable":true,"href":"https:\/\/www.textix.net\/index.php?rest_route=%2Fwp%2Fv2%2Fcomments&post=1429"}],"version-history":[{"count":6,"href":"https:\/\/www.textix.net\/index.php?rest_route=\/wp\/v2\/pages\/1429\/revisions"}],"predecessor-version":[{"id":1438,"href":"https:\/\/www.textix.net\/index.php?rest_route=\/wp\/v2\/pages\/1429\/revisions\/1438"}],"wp:attachment":[{"href":"https:\/\/www.textix.net\/index.php?rest_route=%2Fwp%2Fv2%2Fmedia&parent=1429"}],"curies":[{"name":"wp","href":"https:\/\/api.w.org\/{rel}","templated":true}]}}