{"id":16,"date":"2012-08-04T20:55:33","date_gmt":"2012-08-04T17:55:33","guid":{"rendered":"http:\/\/www.textix.net\/wpv3\/?page_id=16"},"modified":"2020-02-27T02:38:32","modified_gmt":"2020-02-27T00:38:32","slug":"tiedotus","status":"publish","type":"page","link":"https:\/\/www.textix.net\/?page_id=16","title":{"rendered":"OMA LEHTI? OMA KIRJA?"},"content":{"rendered":"<p>Vai molemmat?<\/p>\n<p>Oman asiakaslehden tekeminen on nyt yll\u00e4tt\u00e4v\u00e4n edullista. Me hoidamme kaiken: kuvaamme, kirjoitamme ja muokkaamme sis\u00e4ll\u00f6n juuri sellaiseksi kuin haluatte.<\/p>\n<p>Ent\u00e4 kiinnostaisiko vaikka oman suvun tarina? Voimme tehd\u00e4 sen haastattelemalla ja teid\u00e4n vanhoista rakkaista kuvistanne.<\/p>\n<p>&nbsp;<\/p>\n","protected":false},"excerpt":{"rendered":"<p>Vai molemmat? Oman asiakaslehden tekeminen on nyt yll\u00e4tt\u00e4v\u00e4n edullista. Me hoidamme kaiken: kuvaamme, kirjoitamme ja muokkaamme sis\u00e4ll\u00f6n juuri sellaiseksi kuin haluatte. Ent\u00e4 kiinnostaisiko vaikka oman suvun tarina? Voimme tehd\u00e4 sen haastattelemalla ja teid\u00e4n vanhoista rakkaista kuvistanne. &nbsp;<\/p>\n","protected":false},"author":3,"featured_media":0,"parent":0,"menu_order":3,"comment_status":"closed","ping_status":"open","template":"","meta":{"footnotes":""},"class_list":["post-16","page","type-page","status-publish","hentry"],"_links":{"self":[{"href":"https:\/\/www.textix.net\/index.php?rest_route=\/wp\/v2\/pages\/16","targetHints":{"allow":["GET"]}}],"collection":[{"href":"https:\/\/www.textix.net\/index.php?rest_route=\/wp\/v2\/pages"}],"about":[{"href":"https:\/\/www.textix.net\/index.php?rest_route=\/wp\/v2\/types\/page"}],"author":[{"embeddable":true,"href":"https:\/\/www.textix.net\/index.php?rest_route=\/wp\/v2\/users\/3"}],"replies":[{"embeddable":true,"href":"https:\/\/www.textix.net\/index.php?rest_route=%2Fwp%2Fv2%2Fcomments&post=16"}],"version-history":[{"count":22,"href":"https:\/\/www.textix.net\/index.php?rest_route=\/wp\/v2\/pages\/16\/revisions"}],"predecessor-version":[{"id":266,"href":"https:\/\/www.textix.net\/index.php?rest_route=\/wp\/v2\/pages\/16\/revisions\/266"}],"wp:attachment":[{"href":"https:\/\/www.textix.net\/index.php?rest_route=%2Fwp%2Fv2%2Fmedia&parent=16"}],"curies":[{"name":"wp","href":"https:\/\/api.w.org\/{rel}","templated":true}]}}