{"id":387,"date":"2020-02-27T02:43:35","date_gmt":"2020-02-27T00:43:35","guid":{"rendered":"http:\/\/www.textix.net\/wpv3\/?page_id=387"},"modified":"2021-11-01T14:10:13","modified_gmt":"2021-11-01T12:10:13","slug":"lehtityot","status":"publish","type":"page","link":"https:\/\/www.textix.net\/?page_id=387","title":{"rendered":"My\u00f6s lehti\u00e4"},"content":{"rendered":"\r\n<p>Meid\u00e4t tunnetaan aikakauslehdist\u00e4.. Olemme erikoistuneet printtilehtiin ja niiden pohjalta teht\u00e4viin n\u00e4k\u00f6islehtiin tai pelk\u00e4st\u00e4\u00e4n netiss\u00e4 ilmestyviin digilehtiin.<\/p>\r\n\r\n\r\n\r\n<p>Jatkamme samaa hyv\u00e4\u00e4 ty\u00f6t\u00e4 my\u00f6s tulevaisuudessa, vaikka osa tarmostamme suuntautuukin kirjankustantamiseen.<\/p>\r\n\r\n\r\n\r\n<figure class=\"wp-block-image size-full\"><a href=\"http:\/\/www.textix.net\/wpv3\/wp-content\/uploads\/2021\/08\/lehtikooste-1.png\"><img loading=\"lazy\" decoding=\"async\" width=\"621\" height=\"230\" class=\"wp-image-621\" src=\"http:\/\/www.textix.net\/wpv3\/wp-content\/uploads\/2021\/08\/lehtikooste-1.png\" alt=\"\" srcset=\"https:\/\/www.textix.net\/wpv3\/wp-content\/uploads\/2021\/08\/lehtikooste-1.png 621w, https:\/\/www.textix.net\/wpv3\/wp-content\/uploads\/2021\/08\/lehtikooste-1-300x111.png 300w\" sizes=\"auto, (max-width: 621px) 100vw, 621px\" \/><\/a><\/figure>\r\n\r\n\r\n\r\n<h2 class=\"wp-block-heading\">Oma lehti tai oma kirja?<\/h2>\r\n\r\n\r\n\r\n<p>Oman lehden tai kirjan tekeminen ei ole koskaan ollut n\u00e4in helppoa. Me hoidamme tarvittaessa kaiken ideasta valmiiksi lehdeksi tai kirjaksi.<\/p>\r\n\r\n\r\n\r\n<p>Yhteydenotto riitt\u00e4\u00e4!<\/p>\r\n\r\n\r\n\r\n<p>&nbsp;<\/p>\r\n","protected":false},"excerpt":{"rendered":"<p>Meid\u00e4t tunnetaan aikakauslehdist\u00e4.. Olemme erikoistuneet printtilehtiin ja niiden pohjalta teht\u00e4viin n\u00e4k\u00f6islehtiin tai pelk\u00e4st\u00e4\u00e4n netiss\u00e4 ilmestyviin digilehtiin. Jatkamme samaa hyv\u00e4\u00e4 ty\u00f6t\u00e4 my\u00f6s tulevaisuudessa, vaikka osa tarmostamme suuntautuukin kirjankustantamiseen. Oma lehti tai oma kirja? Oman lehden tai kirjan tekeminen ei ole koskaan ollut n\u00e4in helppoa. Me hoidamme tarvittaessa kaiken ideasta valmiiksi lehdeksi tai kirjaksi. Yhteydenotto riitt\u00e4\u00e4! &nbsp;<\/p>\n","protected":false},"author":2,"featured_media":0,"parent":0,"menu_order":0,"comment_status":"closed","ping_status":"closed","template":"","meta":{"footnotes":""},"class_list":["post-387","page","type-page","status-publish","hentry"],"_links":{"self":[{"href":"https:\/\/www.textix.net\/index.php?rest_route=\/wp\/v2\/pages\/387","targetHints":{"allow":["GET"]}}],"collection":[{"href":"https:\/\/www.textix.net\/index.php?rest_route=\/wp\/v2\/pages"}],"about":[{"href":"https:\/\/www.textix.net\/index.php?rest_route=\/wp\/v2\/types\/page"}],"author":[{"embeddable":true,"href":"https:\/\/www.textix.net\/index.php?rest_route=\/wp\/v2\/users\/2"}],"replies":[{"embeddable":true,"href":"https:\/\/www.textix.net\/index.php?rest_route=%2Fwp%2Fv2%2Fcomments&post=387"}],"version-history":[{"count":36,"href":"https:\/\/www.textix.net\/index.php?rest_route=\/wp\/v2\/pages\/387\/revisions"}],"predecessor-version":[{"id":751,"href":"https:\/\/www.textix.net\/index.php?rest_route=\/wp\/v2\/pages\/387\/revisions\/751"}],"wp:attachment":[{"href":"https:\/\/www.textix.net\/index.php?rest_route=%2Fwp%2Fv2%2Fmedia&parent=387"}],"curies":[{"name":"wp","href":"https:\/\/api.w.org\/{rel}","templated":true}]}}