{"id":558,"date":"2021-08-07T10:19:30","date_gmt":"2021-08-07T07:19:30","guid":{"rendered":"http:\/\/www.textix.net\/wpv3\/?page_id=558"},"modified":"2021-09-23T11:26:32","modified_gmt":"2021-09-23T08:26:32","slug":"kirjailijaksi","status":"publish","type":"page","link":"https:\/\/www.textix.net\/?page_id=558","title":{"rendered":"Haluatko kirjailijaksi?"},"content":{"rendered":"<p>Jos haluat, voit laittaa k\u00e4sikirjoituksesi meille katsottavaksi. Lupaamme lukea sen ja saat vastaukseksi muutaman rivin. Reilu meininki. Jos kirjasi on hyv\u00e4, se julkaistaan!<\/p>\n<p>Laita k\u00e4sikirjoitus osoitteella kirjat@arcadic.net<br \/>\nK\u00e4sikirjoituksia ei palauteta, eik\u00e4 s\u00e4ilytet\u00e4.<\/p>\n","protected":false},"excerpt":{"rendered":"<p>Jos haluat, voit laittaa k\u00e4sikirjoituksesi meille katsottavaksi. Lupaamme lukea sen ja saat vastaukseksi muutaman rivin. Reilu meininki. Jos kirjasi on hyv\u00e4, se julkaistaan! Laita k\u00e4sikirjoitus osoitteella kirjat@arcadic.net K\u00e4sikirjoituksia ei palauteta, eik\u00e4 s\u00e4ilytet\u00e4.<\/p>\n","protected":false},"author":3,"featured_media":0,"parent":0,"menu_order":0,"comment_status":"closed","ping_status":"closed","template":"","meta":{"footnotes":""},"class_list":["post-558","page","type-page","status-publish","hentry"],"_links":{"self":[{"href":"https:\/\/www.textix.net\/index.php?rest_route=\/wp\/v2\/pages\/558","targetHints":{"allow":["GET"]}}],"collection":[{"href":"https:\/\/www.textix.net\/index.php?rest_route=\/wp\/v2\/pages"}],"about":[{"href":"https:\/\/www.textix.net\/index.php?rest_route=\/wp\/v2\/types\/page"}],"author":[{"embeddable":true,"href":"https:\/\/www.textix.net\/index.php?rest_route=\/wp\/v2\/users\/3"}],"replies":[{"embeddable":true,"href":"https:\/\/www.textix.net\/index.php?rest_route=%2Fwp%2Fv2%2Fcomments&post=558"}],"version-history":[{"count":3,"href":"https:\/\/www.textix.net\/index.php?rest_route=\/wp\/v2\/pages\/558\/revisions"}],"predecessor-version":[{"id":731,"href":"https:\/\/www.textix.net\/index.php?rest_route=\/wp\/v2\/pages\/558\/revisions\/731"}],"wp:attachment":[{"href":"https:\/\/www.textix.net\/index.php?rest_route=%2Fwp%2Fv2%2Fmedia&parent=558"}],"curies":[{"name":"wp","href":"https:\/\/api.w.org\/{rel}","templated":true}]}}