{"id":562,"date":"2021-08-07T10:26:14","date_gmt":"2021-08-07T07:26:14","guid":{"rendered":"http:\/\/www.textix.net\/wpv3\/?page_id=562"},"modified":"2026-05-01T15:47:38","modified_gmt":"2026-05-01T12:47:38","slug":"kirjailijoiden-esittely","status":"publish","type":"page","link":"https:\/\/www.textix.net\/?page_id=562","title":{"rendered":"Kirjailijoiden esittely"},"content":{"rendered":"<p><strong>Ali Kinnunen<\/strong><\/p>\n<p><a href=\"http:\/\/www.textix.net\/wpv3\/wp-content\/uploads\/2021\/09\/Ali-Kinnunen.png\"><img loading=\"lazy\" decoding=\"async\" class=\"alignnone wp-image-692 size-medium\" src=\"http:\/\/www.textix.net\/wpv3\/wp-content\/uploads\/2021\/09\/Ali-Kinnunen-222x300.png\" alt=\"Kirjailija Ali Kinnunen karhupainissa naapurin Olavin veist\u00e4m\u00e4n karhun kanssa.\" width=\"222\" height=\"300\" srcset=\"https:\/\/www.textix.net\/wpv3\/wp-content\/uploads\/2021\/09\/Ali-Kinnunen-222x300.png 222w, https:\/\/www.textix.net\/wpv3\/wp-content\/uploads\/2021\/09\/Ali-Kinnunen.png 629w\" sizes=\"auto, (max-width: 222px) 100vw, 222px\" \/><\/a><\/p>\n<p><em>Ali Kinnunen karhupainissa naapurin Olavin moottorisahalla veist\u00e4m\u00e4n karhun kanssa.<\/em><\/p>\n<p>Ali on pitk\u00e4n linjan aikakauslehtimies, joka on tehnyt lehti\u00e4 etuperin ja takaperin. H\u00e4n on ollut toimittajina monissa lehdiss\u00e4 ja kirjoittanut l\u00e4hes kaikkiin Suomessa julkaistaviin aikakaus- ja yrityslehtiin. H\u00e4n on ollut toimitusp\u00e4\u00e4llikk\u00f6n\u00e4 muun muassa Katsossa. Viime vuosina h\u00e4n on keskittynyt pienten lehtien tekemiseen. H\u00e4n on kirjoittanut, kuvannut, taittanut, suunnitellut ja tehnyt kaikkea mit\u00e4 lehdiss\u00e4 pit\u00e4\u00e4 tehd\u00e4. H\u00e4nt\u00e4 l\u00e4hell\u00e4 ovat psykologiset ja terveyteen liittyv\u00e4t aiheet. H\u00e4n on tehnyt tutkimusmatkoja paitsi ihmismieleen, my\u00f6s lajin seksuaalisuuteen. Ali on el\u00e4kkeelle mutta touhuaa lehtien parissa edelleen kuin nuoruutensa p\u00e4ivin\u00e4. Naimisissa, yksi aikuinen poika. Nyt h\u00e4n on my\u00f6s kustantaja. H\u00e4n sanoo olevansa onnellinen mies, joka her\u00e4\u00e4 innoissaan uuteen p\u00e4iv\u00e4\u00e4n. Asuu Espoossa, kes\u00e4isin Kannonkoskella, miss\u00e4 karhukin p\u00e4ivyst\u00e4\u00e4.<\/p>\n<p><strong>Ali Kinnunen\u00a0<\/strong><br \/>\n(kirjoittajanimi, oikea nimi Rauno Tapio), syntynyt Kannonkoskella 19.9.1949 (76 vuotta)<br \/>\n&#8211; toimittaja, kirjailija, kustantaja<br \/>\n&#8211; ty\u00f6skennellyt mm. Annassa, Kotipostissa, Kauneudessa ja terveydess\u00e4, Madamessa, Katsossa,<br \/>\nKajastuksessa, Valjaissa, Opaskoiran joulussa<br \/>\n&#8211; kirjoittanut l\u00e4hes kaikkiin A-lehtien ja moniin Sanoma oy:n lehtiin<br \/>\n&#8211; avustanut useita asiakaslehti\u00e4 ja ollut suunnittelemassa niit\u00e4<br \/>\n&#8211; ollut mukana monissa lehtiuudistuksissa<br \/>\n&#8211; suunnitellut ulkoasun useisiin kirjoihin ja lehtiin ja my\u00f6s taittanut ne<br \/>\n&#8211; julkaistut kirjat: Naisten talo, Enkelten talo, tulossa Isin tytt\u00f6, Viimeinen viesti,\u00a0 Unelma Espanjassa<br \/>\n&#8211; kustantanut kirjat Murha Fiskarsissa ja Miekan suojelija,Murha hoitokodissa, tulossa\u00a0 \u00a0Villi\u00e4<br \/>\nmenoa, Terapian tarpeessa ja Kaiken se kest\u00e4\u00e4<\/p>\n<p><strong>Pentti Halme<\/strong><\/p>\n<p><a href=\"http:\/\/www.textix.net\/wpv3\/wp-content\/uploads\/2022\/04\/Huopanankoski.png\"><img loading=\"lazy\" decoding=\"async\" class=\"alignnone wp-image-856\" src=\"http:\/\/www.textix.net\/wpv3\/wp-content\/uploads\/2022\/04\/Huopanankoski-300x169.png\" alt=\"\" width=\"440\" height=\"248\" srcset=\"https:\/\/www.textix.net\/wpv3\/wp-content\/uploads\/2022\/04\/Huopanankoski-300x169.png 300w, https:\/\/www.textix.net\/wpv3\/wp-content\/uploads\/2022\/04\/Huopanankoski.png 984w\" sizes=\"auto, (max-width: 440px) 100vw, 440px\" \/><\/a><\/p>\n<p><em>Jossakin Huopanankosken rannalla istuu Pentti Halme kuuntelemassa lohien laulua&#8230;<\/em><\/p>\n<p>Edellisen kaveri, itsekin el\u00e4kkeell\u00e4, samanlainen j\u00e4ssikk\u00e4. Jos Ali Kinnunen on sosiaalinen, Pentti Halme ei ole. H\u00e4n haluaisi olla rauhassa ja asua maalla ilman mink\u00e4\u00e4nlaista yhteytt\u00e4 mihink\u00e4\u00e4n. Kalastelee ja istuu laiturilla tai kosken rannalla. H\u00e4nen suosikkikoskensa on Juhani Ahon Huopanankoski, jossa h\u00e4n ei kuitenkaan kalasta. H\u00e4n inhoaa &#8221;pyydyst\u00e4 ja p\u00e4\u00e4st\u00e4&#8221; -kalastusta, joka on h\u00e4nen mielest\u00e4\u00e4n\u00a0 ihmisen suurinta itsekyytt\u00e4: kiusata luontokappaleita vain oman j\u00e4nnityksen vuoksi. &#8221;Sanotaan, ett\u00e4 ei kala siit\u00e4 vahingoita ett\u00e4 silt\u00e4 revit\u00e4\u00e4n koukku kitusista. Kokeilkaapa itsellenne, nielk\u00e4\u00e4 koukku ja rep\u00e4isk\u00e4\u00e4 se pois. Vaikka kala l\u00e4htisi vapaaksi p\u00e4\u00e4sty\u00e4 uimaankin, se on ikuisesti pilattu&#8221;.<\/p>\n<p>Pentti on paitsi kalamies, my\u00f6s koiramies. H\u00e4n harkitsee vakavasti uuden saksanpaimenkoiran ottamista. Ei ole koskaan l\u00f6yt\u00e4nyt sielunkumppania ja el\u00e4\u00e4 yksin huomiota her\u00e4tt\u00e4m\u00e4tt\u00e4. Ei olisi koskaan ruvennut kirjoittamaan dekkareita tai muitakaan kirjoja ellei olisi kerran n\u00e4ytt\u00e4nyt Alille yht\u00e4 lohista kertovaa kirjoitustaan. Alin mielest\u00e4 kirjoitus oli loistava ja h\u00e4n rupesi puhumaan, ett\u00e4 Pentin pit\u00e4isi kirjoittaa kirja tai mieluummin kirjoja. Sovittiin, ett\u00e4 jos Pentti kirjoittaa, Ali lupaa etsi\u00e4 kustantajan. Molemmat sitoivat tavallaan k\u00e4tens\u00e4: Pentin piti kirjoittaa ja Alin kustantaa. Nyt sitten on k\u00e4ynyt niin, ett\u00e4 Pentti viihtyy p\u00e4iv\u00e4kausia kammiossaan k\u00e4det n\u00e4ppiksell\u00e4, ellei sitten istu lohia kuuntelemassa.<\/p>\n<p><strong>Con Troller<\/strong><\/p>\n<p>Con on nuorehko suomalainen, joka on reissannut ty\u00f6ns\u00e4 takia maailmalla. Tuntee erityisen hyvin Amerikan ja sen kulttuurin hyv\u00e4ss\u00e4 ja pahassa. Harkitsee vakavasti muuttoa Amerikkaan. Ei ole oikealta nimelt\u00e4\u00e4n Con Troller mutta kielt\u00e4ytyy paljastamasta omaa nime\u00e4\u00e4n. On t\u00f6iss\u00e4 keskisuuressa yrityksess\u00e4 ja hoitaa sen yhteyksi\u00e4 maailmalle. Lupaa kirjoittaa fantasiakirjoja jatkossakin, vaikka muuttaisikin muualle. Puhuu sujuvasti monia kieli\u00e4, erityisen hyvin amerikkaa mutta kirjoittaa sujuvasti suomea. Avoliitossa. On lukenut kaikki mahdolliset fantasiakirjat ja tiet\u00e4\u00e4 niist\u00e4 kaiken. Alkoi kirjoittaa omaa kirjaa melkein sattumalta, mutta kirja vei menness\u00e4\u00e4n. Miekan suojelija kunnioittaa\u00a0 fantasiakirjallisuuden perinteit\u00e4, mutta arvostaa my\u00f6s uudempaa fantasian\u00e4kemyst\u00e4.<\/p>\n<p>&nbsp;<\/p>\n","protected":false},"excerpt":{"rendered":"<p>Ali Kinnunen Ali Kinnunen karhupainissa naapurin Olavin moottorisahalla veist\u00e4m\u00e4n karhun kanssa. Ali on pitk\u00e4n linjan aikakauslehtimies, joka on tehnyt lehti\u00e4 etuperin ja takaperin. H\u00e4n on ollut toimittajina monissa lehdiss\u00e4 ja kirjoittanut l\u00e4hes kaikkiin Suomessa julkaistaviin aikakaus- ja yrityslehtiin. H\u00e4n on ollut toimitusp\u00e4\u00e4llikk\u00f6n\u00e4 muun muassa Katsossa. Viime vuosina h\u00e4n on keskittynyt pienten lehtien tekemiseen. H\u00e4n on [&hellip;]<\/p>\n","protected":false},"author":3,"featured_media":0,"parent":0,"menu_order":0,"comment_status":"closed","ping_status":"closed","template":"","meta":{"footnotes":""},"class_list":["post-562","page","type-page","status-publish","hentry"],"_links":{"self":[{"href":"https:\/\/www.textix.net\/index.php?rest_route=\/wp\/v2\/pages\/562","targetHints":{"allow":["GET"]}}],"collection":[{"href":"https:\/\/www.textix.net\/index.php?rest_route=\/wp\/v2\/pages"}],"about":[{"href":"https:\/\/www.textix.net\/index.php?rest_route=\/wp\/v2\/types\/page"}],"author":[{"embeddable":true,"href":"https:\/\/www.textix.net\/index.php?rest_route=\/wp\/v2\/users\/3"}],"replies":[{"embeddable":true,"href":"https:\/\/www.textix.net\/index.php?rest_route=%2Fwp%2Fv2%2Fcomments&post=562"}],"version-history":[{"count":20,"href":"https:\/\/www.textix.net\/index.php?rest_route=\/wp\/v2\/pages\/562\/revisions"}],"predecessor-version":[{"id":1460,"href":"https:\/\/www.textix.net\/index.php?rest_route=\/wp\/v2\/pages\/562\/revisions\/1460"}],"wp:attachment":[{"href":"https:\/\/www.textix.net\/index.php?rest_route=%2Fwp%2Fv2%2Fmedia&parent=562"}],"curies":[{"name":"wp","href":"https:\/\/api.w.org\/{rel}","templated":true}]}}