{"id":564,"date":"2021-08-07T10:29:11","date_gmt":"2021-08-07T07:29:11","guid":{"rendered":"http:\/\/www.textix.net\/wpv3\/?page_id=564"},"modified":"2022-04-23T12:52:54","modified_gmt":"2022-04-23T09:52:54","slug":"kirjojen-esittely","status":"publish","type":"page","link":"https:\/\/www.textix.net\/?page_id=564","title":{"rendered":"Kirjojen esittely"},"content":{"rendered":"<h3>Rakkautta, romantiikkaa, murhia ja fantasiaa<\/h3>\n<h2>NAISTEN TALO<\/h2>\n<h3><em>Onnellisten naisten tarina miehen kokemana<\/em><\/h3>\n<p><a href=\"http:\/\/www.textix.net\/wpv3\/wp-content\/uploads\/2021\/12\/almgren-pieni.png\"><img loading=\"lazy\" decoding=\"async\" class=\"alignnone size-full wp-image-757\" src=\"http:\/\/www.textix.net\/wpv3\/wp-content\/uploads\/2021\/12\/almgren-pieni.png\" alt=\"\" width=\"723\" height=\"486\" srcset=\"https:\/\/www.textix.net\/wpv3\/wp-content\/uploads\/2021\/12\/almgren-pieni.png 723w, https:\/\/www.textix.net\/wpv3\/wp-content\/uploads\/2021\/12\/almgren-pieni-300x202.png 300w\" sizes=\"(max-width: 723px) 100vw, 723px\" \/><\/a><\/p>\n<p><em>Kuva: almgren \/ Shutterstock<\/em><\/p>\n<p><span style=\"color: #000000;\">K<\/span>ovaonnisen miehen auto tekee ten\u00e4n keskelle ei mit\u00e4\u00e4n pienen pihatien eteen. Mies ker\u00e4\u00e4 kimpsunsa ja kampsunsa ja aikoo j\u00e4tt\u00e4\u00e4 autonsa niille sijoilleen. Mutta sep\u00e4 ei k\u00e4yk\u00e4\u00e4n kahdestaan talossa asuville naisille, heid\u00e4n mielest\u00e4\u00e4n mies saa ottaa autonsa mukaan, heid\u00e4n tielleen se ei j\u00e4\u00e4!<\/p>\n<p>Mies v\u00e4h\u00e4t v\u00e4litt\u00e4\u00e4 naisten motkotuksesta ja l\u00e4htee talsimaan tiet\u00e4 takaisinp\u00e4in. Naisten saksanpaimenkoira tassuttelee h\u00e4nen per\u00e4\u00e4ns\u00e4, ilmeisesti se on tunnistanut hengenheimolaisensa.<br \/>\nKovin pitk\u00e4lle he eiv\u00e4t kuitenkaan ehdi, kun tulta sy\u00f6ksev\u00e4 lohik\u00e4\u00e4rme ja kiltinoloinen toinen nainen sy\u00f6ksyv\u00e4t paikalle autollaan soraa lenn\u00e4tt\u00e4en.<\/p>\n<p>Karkulaiset komennetaan autoon ja koko revohka palaa punaiseen taloon, jonka alaosa on saanut kauniin v\u00e4rin, mutta yl\u00e4osa on viel\u00e4 maalaamatta. Naisten pikakokous p\u00e4\u00e4tt\u00e4\u00e4, ett\u00e4 mies saa j\u00e4\u00e4d\u00e4 heille yhdeksi y\u00f6ksi, heill\u00e4 kun ei ole ollut tapana ajaa ket\u00e4\u00e4n y\u00f6nselk\u00e4\u00e4n.<\/p>\n<p>Viel\u00e4 aamullakaan miest\u00e4 ei ajeta pois, p\u00e4invastoin. T\u00e4m\u00e4 arvelee, ett\u00e4 naiset eiv\u00e4t uskalla nousta korkealle ja talo on siksi saanut punaista vain alaosaan. H\u00e4n tarjoutuu maalaamaan yl\u00e4osat, jos saa j\u00e4\u00e4d\u00e4 naisten luo. N\u00e4in tapahtuu, sovitaan ett\u00e4 kun urakka on valmis, miehen on aika suunnata tielle.<\/p>\n<p>Naiset tottuvat mieheen, t\u00e4st\u00e4 ei ole heille haittaa eik\u00e4 harmia, p\u00e4in vastoin, talo saa suojakseen kauniin punaisen v\u00e4rin melkein alta aikayksik\u00f6n&#8230;. ja sitten miehen pit\u00e4isi l\u00e4hte\u00e4. T\u00e4m\u00e4 lupaa tehd\u00e4 ihan mit\u00e4 vain, ihan mit\u00e4 vain, jos saa j\u00e4\u00e4d\u00e4 ja pitk\u00e4n empimisen ja asioiden selvittelyjen j\u00e4lkeen naiset lupaavat h\u00e4nelle jatkoaikaa.<\/p>\n<p>Mies kaipaa vaimoaan ja poikaansa, mutta tiet\u00e4\u00e4, ett\u00e4 siihen el\u00e4m\u00e4\u00e4n h\u00e4nell\u00e4 ei en\u00e4\u00e4 ole paluuta, siit\u00e4 paratiisista h\u00e4net on karkotettu. Punaisessa talossa el\u00e4m\u00e4 sen sijaan asettuu uomiinsa. Mies tuntee kerrankin olevansa vapaa, kun ei tarvitse ajatella mink\u00e4\u00e4nlaista romantiikkaa. Naiset rakastavat toisiaan, eiv\u00e4tk\u00e4 edes vilkaise mieheen sill\u00e4 silm\u00e4ll\u00e4: he riitt\u00e4v\u00e4t toisilleen.<\/p>\n<p>N\u00e4in menn\u00e4\u00e4n koko kes\u00e4: mies rakentaa naisten taloon yl\u00e4kerran (ja huoneen itselleen) ja remontoi vanhan mummonm\u00f6kin. Jopa kes\u00e4m\u00f6kki\u00e4 aletaan suunnitella Kuningatarlepakon saareen. Oikeasti nainen on nimelt\u00e4\u00e4n Eeva, h\u00e4n on naisten henkinen tuki ja kohta my\u00f6s miehen liittolainen.<\/p>\n<p>Mies\u00a0 tekee naisilleen jos jonkinlaisia palveluksia. H\u00e4n on tarvittaessa autokuski, tarjoilee juhlissa, k\u00e4y naisten puolesta ostoksilla ja onpa h\u00e4n esiintynyt nuoremman naisen poikayst\u00e4v\u00e4n\u00e4kin, kerran jopa sulhasena. Mik\u00e4\u00e4n inhimillinen ei ole h\u00e4nelle vierasta. H\u00e4n tuntee jopa liev\u00e4\u00e4 mustasukkaisuutta, kun h\u00e4net syrj\u00e4ytet\u00e4\u00e4n kova\u00e4\u00e4nisest\u00e4 kokouksesta, johon suuri m\u00e4\u00e4r\u00e4 naisia on kokoontunut. H\u00e4n saa tarjoilla heille, mutta sitten h\u00e4net ajetaan pois.<\/p>\n<p>Jotain erikoista on tapahtunut. Mies kuulee vaikka ei haluaisikaan kuulla, ett\u00e4 uusi juuri voimaan tullut laki merkitsee monelle naiselle kauheaa asiaa. Kun jokaisella keinohedelm\u00f6itetyll\u00e4 lapsella on t\u00e4ysi-ik\u00e4isen\u00e4 oikeus saada tiet\u00e4\u00e4 oikean is\u00e4ns\u00e4 nimi, on helppo p\u00e4\u00e4tell\u00e4, ett\u00e4 keinohedelm\u00f6itykset loppuvat ja moni j\u00e4\u00e4 ilman rakastamaansa vauvaa. Eikai kukaan hullukaan haluaisi, ett\u00e4 18 vuoden kuluttua ovelle ilmaantuisi tytt\u00f6 tai poika is\u00e4\u00e4 etsim\u00e4\u00e4n, mit\u00e4 siit\u00e4 perhekin sanoisi.<\/p>\n<p>Naisilla on ratkaisu ongelmaa: heid\u00e4n mies! H\u00e4n suostuu kyll\u00e4! H\u00e4nh\u00e4n on luvannut tehd\u00e4 mit\u00e4 vain, kunhan saa j\u00e4\u00e4d\u00e4 naisten taloon. Mies itse on autuaan tiet\u00e4m\u00e4t\u00f6n uusista suunnitelmista, kunnes ensimm\u00e4inen asiakas saapuu. J\u00e4rkytyksest\u00e4 selvitty\u00e4\u00e4n h\u00e4n alkaa ajatella, ett\u00e4 on hyv\u00e4ll\u00e4 asialla. H\u00e4n antaa lahjan ihmiselt\u00e4 ihmiselle, h\u00e4nen avullaan moni unelma saattaa toteutua ja h\u00e4n voi taas tuntea itsens\u00e4\u00a0 jonkin arvoiseksi. H\u00e4n tekee jotakin, mit\u00e4 kukaan muu ei pystyisi tekem\u00e4\u00e4n.<\/p>\n<p>El\u00e4m\u00e4 jatkuu: naisia tulee ja menee, mies t\u00e4ytt\u00e4\u00e4 velvollisuutensa ja teht\u00e4v\u00e4ns\u00e4 kuin mies. Mutta t\u00e4h\u00e4nkin paratiisiin luikertelee k\u00e4\u00e4rme. Mies pettyy raskaasti, kun selvi\u00e4\u00e4 ett\u00e4 naisilla on ollut muitakin tarkoitusperi\u00e4 kuin hyv\u00e4n tekeminen. Eeva auttaa selvitt\u00e4m\u00e4\u00e4n, ett\u00e4 mist\u00e4\u00e4n kovin suuresta petoksesta ei oikeastaan ole ollut kysymys. Mies on tehnyt monille naisille suuren palveluksen ja he kaikki ovat miehelle hyvin kiitollisia \u2013 ainakin ne naiset, joiden luona Eeva ja mies k\u00e4yv\u00e4t vieraisilla. Eli kaikki hyvin \u2013 vai onko sittenk\u00e4\u00e4n?<\/p>\n<p>Petturinaiset saavat houkuteltua miehen takaisin taloonsa, mutta kukaan ei pysty sanomaan, palaako mik\u00e4\u00e4n entiselleen. Kaikkein ep\u00e4varmin on mies, joka ei voi olla ajattelematta, ett\u00e4 h\u00e4nen olisi pit\u00e4nyt tiet\u00e4\u00e4. H\u00e4n on puhunut rakkauden lahjasta, mutta mist\u00e4\u00e4n semmoisesta ei ole ollut kysymys, h\u00e4nt\u00e4 on vain k\u00e4ytetty hyv\u00e4ksi.<\/p>\n<p>V\u00e4hitellen tilanne kuitenkin rauhoittuu ja mies on kohta kuin mit\u00e4\u00e4n ei olisikaan tapahtunut. Lahjanantaminen jatkuu, kunnes tulee ratkaiseva y\u00f6 ja kaikki muuttuu lopullisesti!<\/p>\n<p><a href=\"http:\/\/www.textix.net\/wpv3\/wp-content\/uploads\/2021\/08\/naisten-talo-u-2.png\"><img loading=\"lazy\" decoding=\"async\" class=\"wp-image-617 alignnone\" src=\"http:\/\/www.textix.net\/wpv3\/wp-content\/uploads\/2021\/08\/naisten-talo-u-2.png\" alt=\"\" width=\"260\" height=\"377\" srcset=\"https:\/\/www.textix.net\/wpv3\/wp-content\/uploads\/2021\/08\/naisten-talo-u-2.png 521w, https:\/\/www.textix.net\/wpv3\/wp-content\/uploads\/2021\/08\/naisten-talo-u-2-207x300.png 207w\" sizes=\"(max-width: 260px) 100vw, 260px\" \/><\/a><\/p>\n<p><em>Naisten talo<\/em><br \/>\n<em>236 sivua<\/em><br \/>\n<em>koko: 145 x 210 mm<\/em><br \/>\n<em>kovat kannet<\/em><br \/>\n<em>sidottu<\/em><br \/>\n<em>py\u00f6ristetty selk\u00e4<\/em><br \/>\n<em>ISBN 978-952-69707-6-9<\/em><\/p>\n<h1 style=\"text-align: left;\"><strong>MURHA FISKARSISSA<\/strong><\/h1>\n<p><a href=\"http:\/\/www.textix.net\/wpv3\/wp-content\/uploads\/2021\/12\/Fiskars-pieni.png\"><img loading=\"lazy\" decoding=\"async\" class=\"alignnone size-full wp-image-756\" src=\"http:\/\/www.textix.net\/wpv3\/wp-content\/uploads\/2021\/12\/Fiskars-pieni.png\" alt=\"\" width=\"652\" height=\"978\" srcset=\"https:\/\/www.textix.net\/wpv3\/wp-content\/uploads\/2021\/12\/Fiskars-pieni.png 652w, https:\/\/www.textix.net\/wpv3\/wp-content\/uploads\/2021\/12\/Fiskars-pieni-200x300.png 200w\" sizes=\"(max-width: 652px) 100vw, 652px\" \/><\/a><\/p>\n<p><em>Kuva: Karis 48 \/ Shutterstock<\/em><\/p>\n<p>Fiskarsin kauniissa vanhoissa maisemissa alkaa tapahtua hirvitt\u00e4vi\u00e4 asioita. Sotaveteraani Elmeri havahtuu naapurista kuuluvaan kovaan haukuntaan. Entisen\u00e4 koiramiehen\u00e4 Elmeri tiet\u00e4\u00e4 heti, ett\u00e4 koiralla on jokin suunnaton h\u00e4t\u00e4: sen haukku kertoo pelosta ja ennen kaikkea mittaamattomasta raivosta.<\/p>\n<p>Murha Fiskarsissa esittelee uuden tutkijakaksikon, joka tulee seikkailemaa useissa jatko-osissa. Tapausta tutkimaan l\u00e4hetet\u00e4\u00e4n Keskusrikospoliisin nuori kaksikko Iiris Varkiala ja Johan Stacks, joille juttu on ensimm\u00e4inen oma juttu. Saksanpaimenkoira Natso liittyy tutkijakaksikon mukaan my\u00f6s seuraavissa kirjoissa. Siit\u00e4 tulee Murha Fiskarsissa -kirjan ja monen muun kirjan sankari, jonka taustan selvitt\u00e4minen kest\u00e4\u00e4 oman aikansa. Paljastuu ett\u00e4 se on j\u00e4\u00e4nyt em\u00e4nn\u00e4tt\u00e4, kun t\u00e4m\u00e4 on murhatt. Natso p\u00e4\u00e4tyy lopulta Iiriksen hoiviin.<\/p>\n<p>Muutamat muutkin t\u00e4rke\u00e4t henkil\u00f6t esitell\u00e4\u00e4n ensimm\u00e4isen kerran t\u00e4ss\u00e4 kirjassa. Esimerkiksi toimittaja Miro Korvenalasta tulee murhatutkimukselle korvaamaton apu, vaikka aluksi h\u00e4net pid\u00e4tet\u00e4\u00e4nkin ja heitet\u00e4\u00e4n kylm\u00e4sti selliin. Miro ja Natso tuntevat toisensa ja juuri Miro pystyy nime\u00e4m\u00e4\u00e4n t\u00e4m\u00e4n alussa tuntemattomaksi j\u00e4\u00e4neen saksanpaimenkoiran, jonka nime\u00e4 Elmerik\u00e4\u00e4n ei muista, vaikka he ovatkin olleet naapuruksia.<\/p>\n<p>Miksi maalaisidylli joutuu murha-aallon kohteeksi, miksi kaikki inhimillinen paha tuntuu keskittyv\u00e4n juuri Fiskarsin rauhalliseen kyl\u00e4milj\u00f6\u00f6seen? T\u00e4t\u00e4 selvitt\u00e4ess\u00e4\u00e4n Iiris joutuu k\u00e4\u00e4nt\u00e4m\u00e4\u00e4n kaikki kivet ja tutustumaan sellaisiin asioihin, joihin ei ehk\u00e4 haluaisi tutustua, mutta yll\u00e4tt\u00e4en h\u00e4n l\u00f6yt\u00e4\u00e4 my\u00f6s itsest\u00e4\u00e4n uusia piirteit\u00e4, joista ei ole aikaisemmin tiennyt mit\u00e4\u00e4n \u2013 tai ei ole uskaltanut edes ajatella.<\/p>\n<p>Kest\u00e4\u00e4 kauan ennen kuin p\u00e4\u00e4ep\u00e4ilty, ensimm\u00e4isen\u00e4 murhatun naisen entinen mies, maailmalta palaava liikemies Keijo Kuurto l\u00f6ytyy. Harmi vain, ett\u00e4 my\u00f6s h\u00e4n joutuu murhayrityksen kohteeksi<br \/>\neiv\u00e4tk\u00e4 ep\u00e4ilyt h\u00e4nen syyllisyydest\u00e4\u00e4n en\u00e4\u00e4 p\u00e4dek\u00e4\u00e4n.<\/p>\n<p>Kuka on syyllinen? Selvi\u00e4\u00e4k\u00f6 se koskaan?<\/p>\n<p>Murha Fiskarsissa on murhakirja, mutta siin\u00e4 on kummallisen kiehtova lupaus my\u00f6s odotettavissa olevasta romantiikasta, jonka tarkkaavainen lukija saanee selville. Ehk\u00e4 jo seuraavassa murhakirjassa on my\u00f6s rakkauden vuoro ainakin jossakin, ehk\u00e4 kuitenkaan ei ihan tavallisessa muodossa. Se ainakin on varmaa, ett\u00e4 saksanpaimenkoira Natso oppii poliisikoiraksi!<\/p>\n<p><a href=\"http:\/\/www.textix.net\/wpv3\/wp-content\/uploads\/2021\/08\/MURHA-FISKARSISSA-COVERS-1.png\"><img loading=\"lazy\" decoding=\"async\" class=\"wp-image-609 alignnone\" src=\"http:\/\/www.textix.net\/wpv3\/wp-content\/uploads\/2021\/08\/MURHA-FISKARSISSA-COVERS-1-198x300.png\" alt=\"\" width=\"260\" height=\"394\" srcset=\"https:\/\/www.textix.net\/wpv3\/wp-content\/uploads\/2021\/08\/MURHA-FISKARSISSA-COVERS-1-198x300.png 198w, https:\/\/www.textix.net\/wpv3\/wp-content\/uploads\/2021\/08\/MURHA-FISKARSISSA-COVERS-1-676x1024.png 676w, https:\/\/www.textix.net\/wpv3\/wp-content\/uploads\/2021\/08\/MURHA-FISKARSISSA-COVERS-1.png 1247w\" sizes=\"(max-width: 260px) 100vw, 260px\" \/><\/a><\/p>\n<p><em>Murha Fiskarsissa<\/em><br \/>\n<em>204 sivua<\/em><br \/>\n<em>koko: 145 x 210 mm<\/em><br \/>\n<em>kovat kannet<\/em><br \/>\n<em>sidottu<\/em><br \/>\n<em>py\u00f6ristetty selk\u00e4<\/em><br \/>\n<em>ISBN 978-952-69707-0-7<\/em><\/p>\n<h1><strong>MIEKAN SUOJELIJA<\/strong><\/h1>\n<p><a href=\"http:\/\/www.textix.net\/wpv3\/wp-content\/uploads\/2021\/12\/taistelu-pieni.png\"><img loading=\"lazy\" decoding=\"async\" class=\"alignnone size-full wp-image-758\" src=\"http:\/\/www.textix.net\/wpv3\/wp-content\/uploads\/2021\/12\/taistelu-pieni.png\" alt=\"\" width=\"940\" height=\"502\" srcset=\"https:\/\/www.textix.net\/wpv3\/wp-content\/uploads\/2021\/12\/taistelu-pieni.png 940w, https:\/\/www.textix.net\/wpv3\/wp-content\/uploads\/2021\/12\/taistelu-pieni-300x160.png 300w\" sizes=\"(max-width: 940px) 100vw, 940px\" \/><\/a><\/p>\n<p><em>Kuva: Liu Zishan \/ Shutterstock<\/em><\/p>\n<p>Vanhan Miekan Majatalossa on alkamassa taistelu, jonka tarkastuspartion johtaja<br \/>\ntiet\u00e4\u00e4 voittavansa. T\u00e4m\u00e4 suostuu kuitenkin pilkaten ja ilkkuen lupaamaan<br \/>\nniskuroivalle nuorelle miehelle aseeksi vanhan ruosteisen miekan majatalon sein\u00e4lt\u00e4.<br \/>\nJohtaja valmistautuu upottamaan oman miekkansa nuoren miehen rintaan. Vain<br \/>\nvanha mies n\u00e4kee miekan v\u00e4l\u00e4ht\u00e4v\u00e4n ilmassa. H\u00e4n hymyilee kuullessaan hiljaista laulua.<br \/>\nMiekka lenn\u00e4ht\u00e4\u00e4 tuvan poikki v\u00e4lkkyen ja salamoiden. Kun poika nappaa sen<br \/>\nk\u00e4teens\u00e4, miekka helisee kuin olisi p\u00e4\u00e4ssyt kotiin. Sen ruosteinen pinta rapisee lattialle ja paljastaa kullanhohtoisen ter\u00e4n, joka loistaa taianomaista lumovaloa.<br \/>\nArielin kadonnut miekka oli l\u00f6ytynyt!<\/p>\n<p>Miekan suojelija -kirjassa seurataan umpihangesta alasti vain l\u00e4mmin pallo<br \/>\nkaulassaan l\u00f6ytyneen pienen Ada-tyt\u00f6n seikkailuja. H\u00e4net on l\u00e4hetetty<br \/>\nturvaan meid\u00e4n maailmaamme mutta lopulta h\u00e4nen on palattava tuonne jonnekin, jossa hyv\u00e4 ja paha k\u00e4yv\u00e4t viimeiseen taisteluun. Adan salaisia maagisia voimia tarvitaan!<\/p>\n<p>Salamat sinkoilevat ja tulipallot lenn\u00e4htelev\u00e4t maailmoja halkoen ennen<br \/>\nkuin Syvyys saa omansa.\u00a0Mutta kenet?<\/p>\n<p>Kauhein asia tapahtuu: syvyyteen joutuu aivan v\u00e4\u00e4r\u00e4 velho Calis, Adan is\u00e4. H\u00e4nen vaimonsa Auti sy\u00f6ksyy ep\u00e4r\u00f6im\u00e4tt\u00e4 Caliksen per\u00e4\u00e4n juuri kun Syvyys sulkeutuu. H\u00e4n onnistuu viem\u00e4\u00e4n Caliksen savuavan ja kuolleen ruumiin m\u00f6killeen, mutta ei pysty her\u00e4tt\u00e4m\u00e4\u00e4n miest\u00e4\u00e4n henkiin. H\u00e4n yritt\u00e4\u00e4 kutsua tyt\u00e4rt\u00e4\u00e4n, mutta t\u00e4m\u00e4 on kiinni toisen maailman asioissa ja kest\u00e4\u00e4 kauan ennen kuin h\u00e4n pelmahtaa paikalle. Onko silloin jo liian my\u00f6h\u00e4ist\u00e4? Ja kuinka pieni tytt\u00f6 voisi auttaa?<\/p>\n<p>Suomessa asuva, mutta amerikkalaiseen fantasiakirjallisuuden hyvin perehtynyt nuori kirjoittaja on luonut fantasiakirjan, joka kunnioittaa vanhoja perinteit\u00e4. Kaikki hyv\u00e4n voimat keskittyv\u00e4t pieneen lumitytt\u00f6 Adaan. H\u00e4nell\u00e4 on maagisia kykyj\u00e4, joita h\u00e4n ei itsek\u00e4\u00e4n tunne, varsinkin kun h\u00e4nen \u00e4itins\u00e4 Auti koettaa kaiken keinoin salata asian tytt\u00e4relt\u00e4\u00e4n t\u00e4t\u00e4 suojellakseen. Ada on pieni vain t\u00e4m\u00e4npuoleissa, tuonpuoleisessa h\u00e4n on jo aikuinen, jolla on toinen nimikin: Lieko. H\u00e4nen paras yst\u00e4v\u00e4ns\u00e4\u00a0 on lohik\u00e4\u00e4rme Loki, joka lenn\u00e4tt\u00e4\u00e4 h\u00e4net seikkailusta toiseen.<\/p>\n<p>Edess\u00e4 on viimeinen taistelu, mutta ilman Calista siit\u00e4 ei tule voitokasta. Ei auta kuin yritt\u00e4\u00e4 mahdotonta!<\/p>\n<p>Miekan suojelijan kirjoittaja Con Troller tahtoo varjella itse\u00e4\u00e4n ja kirjoittaa nimimerkill\u00e4, koska ei halua julkisuutta. H\u00e4nelle riitt\u00e4\u00e4 kirjojen kirjoittaminen! &#8221;Sam doah, sat Zada!&#8221;<\/p>\n<p style=\"text-align: left;\"><a href=\"http:\/\/www.textix.net\/wpv3\/wp-content\/uploads\/2021\/08\/miekan-suojelija.png\"><img loading=\"lazy\" decoding=\"async\" class=\"wp-image-610 alignnone\" src=\"http:\/\/www.textix.net\/wpv3\/wp-content\/uploads\/2021\/08\/miekan-suojelija.png\" alt=\"\" width=\"260\" height=\"395\" srcset=\"https:\/\/www.textix.net\/wpv3\/wp-content\/uploads\/2021\/08\/miekan-suojelija.png 477w, https:\/\/www.textix.net\/wpv3\/wp-content\/uploads\/2021\/08\/miekan-suojelija-198x300.png 198w\" sizes=\"(max-width: 260px) 100vw, 260px\" \/><\/a><\/p>\n<p style=\"text-align: left;\"><em>Miekan suojelija<\/em><br \/>\n<em>196 sivua<\/em><br \/>\n<em>koko: 145 x 210 mm<\/em><br \/>\n<em>kovat kannet<\/em><br \/>\n<em>sidottu<\/em><br \/>\n<em>py\u00f6ristetty selk\u00e4<\/em><br \/>\n<em>ISBN 978-952-69707-2-1<\/em><\/p>\n<h2 style=\"text-align: left;\"><strong>VALKOINEN KUOLEMA<\/strong><br \/>\n&#8211; Murha hoitokodissa<\/h2>\n<p><a href=\"http:\/\/www.textix.net\/wpv3\/wp-content\/uploads\/2021\/08\/MURHA-HOITOKODISSA-COVERS-1.png\"><img loading=\"lazy\" decoding=\"async\" class=\"alignnone wp-image-614\" src=\"http:\/\/www.textix.net\/wpv3\/wp-content\/uploads\/2021\/08\/MURHA-HOITOKODISSA-COVERS-1.png\" alt=\"\" width=\"260\" height=\"392\" srcset=\"https:\/\/www.textix.net\/wpv3\/wp-content\/uploads\/2021\/08\/MURHA-HOITOKODISSA-COVERS-1.png 1252w, https:\/\/www.textix.net\/wpv3\/wp-content\/uploads\/2021\/08\/MURHA-HOITOKODISSA-COVERS-1-199x300.png 199w, https:\/\/www.textix.net\/wpv3\/wp-content\/uploads\/2021\/08\/MURHA-HOITOKODISSA-COVERS-1-678x1024.png 678w\" sizes=\"(max-width: 260px) 100vw, 260px\" \/><\/a><\/p>\n<p><em>Valkoisen kuoleman kansi<\/em><\/p>\n<p>Sotaveteraani Elmeri on joutunut muuttamaan hoitokoti Kuusenoksaan. Siell\u00e4 sattuu outoja syd\u00e4nkohtauksia, joissa ei\u00a0 n\u00e4ytt\u00e4isi olevan mit\u00e4\u00e4 v\u00e4\u00e4r\u00e4\u00e4 \u2013 kunnes Elmeri yritet\u00e4\u00e4n myrkytt\u00e4\u00e4! H\u00e4n saa riistetty\u00e4 myrkytt\u00e4j\u00e4lt\u00e4 valkoista ainetta sis\u00e4lt\u00e4v\u00e4n ruiskun ja soitettua KPR:n Iiris Varkialalle, joka rynt\u00e4\u00e4 paikalle aina<br \/>\nrauhallisen mutta kylm\u00e4hermoisen poliisikoiransa Natson kanssa. Jos Natsoa ei olisi, monelle Elmerin yst\u00e4v\u00e4lle saattaisi k\u00e4yd\u00e4 huonosti. Ja jos murhaajan sunnitelmat toteutuisivat, valkoinen kuolema uhkaisi monia hoitolaitoksissa el\u00e4vi\u00e4.<\/p>\n<p><strong>Valkoinen kuolema &#8211; Murha hoitokodissa<\/strong><br \/>\n<em>200 sivua<\/em><br \/>\n<em>koko: 145 x 210 mm<\/em><br \/>\n<em>kovat kannet<\/em><br \/>\n<em>sidottu<\/em><br \/>\n<em>ISBN 978-952-7488-00-3<\/em><\/p>\n<h2 style=\"text-align: left;\"><strong>ENKELTEN TALO<\/strong><\/h2>\n<p><a href=\"http:\/\/www.textix.net\/wpv3\/wp-content\/uploads\/2022\/02\/Enkelten-talo.jpg\"><img loading=\"lazy\" decoding=\"async\" class=\"alignnone wp-image-819\" src=\"http:\/\/www.textix.net\/wpv3\/wp-content\/uploads\/2022\/02\/Enkelten-talo.jpg\" alt=\"\" width=\"260\" height=\"385\" srcset=\"https:\/\/www.textix.net\/wpv3\/wp-content\/uploads\/2022\/02\/Enkelten-talo.jpg 531w, https:\/\/www.textix.net\/wpv3\/wp-content\/uploads\/2022\/02\/Enkelten-talo-202x300.jpg 202w\" sizes=\"(max-width: 260px) 100vw, 260px\" \/><\/a><\/p>\n<p><em>Enkelten talon kansi<\/em><\/p>\n<p>Vanha mies kertoo pojanpojilleen tarinaa ihmeellisest\u00e4 Veljeskunnasta ja sen seikkailuista. Pojat kuuntelevat kertomusta tukka pystyss\u00e4 ja vaativat aina vain lis\u00e4\u00e4. Ehk\u00e4 ensi kerralla&#8230;<\/p>\n<p>Tarina saa alkunsa, kun taulukauppias Timi saa vaihdettua tauluillaan vanhan kulttuuria pursuvan talon Espanjasta. Siin\u00e4p\u00e4 sit\u00e4 sitten onkin miettimist\u00e4, mit\u00e4 sill\u00e4 teht\u00e4isiin. Kirja kertoo ainutlaatuisesta Veljeskunnasta, jossa yksi haluaa perusta pankin, toinen taidegallerian, kolmas yrityskeskuksen, nelj\u00e4s mediatalon ja viides oman valtion! Yksi haaveista toteutuu monien pitkien ja kosteiden neuvottelujen j\u00e4lkeen.<\/p>\n<p>Arvuuttelu ratkeaa lopulta l\u00e4hes itsest\u00e4\u00e4n pankin ja Timin vaimon Marin avustuksella. H\u00e4nell\u00e4 on hoitokoti Suomessa ja niinp\u00e4 h\u00e4n ehdottaa ett\u00e4 Suomenkodille perustettaisiin sisarkoti Espanjaan. N\u00e4in tehd\u00e4\u00e4n ja my\u00f6s pankki on tyytyv\u00e4inen. Veljeskunta p\u00e4\u00e4see p\u00f6rr\u00e4\u00e4m\u00e4\u00e4n suosikkipaikkaansa, jota he kutsuvat Hullujenhuoneeksi.<\/p>\n<p>Enkelten talo on tarina yst\u00e4vyydest\u00e4, rakkaudesta, sovituksesta, kaikesta tavoittelemisen arvoisesta. Mutta my\u00f6s ihmismielen pime\u00e4n puolen pilkahduksesta. Kirja on omalla tavallaan veijaritarina, josta ei hauskoja sattumuksia puutu, mutta aina ei naurata, joskus on pakko my\u00f6s itke\u00e4. Eik\u00e4 aina k\u00e4y hyvin, vaikka voisi k\u00e4yd\u00e4.<\/p>\n<p>Uutta Suomessa \u2013 kuntoutuskoti Espanjassa -lause on suunnaton menestys. Asiakkaita tulee ja menee ja koko Veljeskunta p\u00e4\u00e4see osallistumaan toimintaan. Kaikkein innostunein on Mari.<\/p>\n<p>H\u00e4nen mielest\u00e4\u00e4n kaikki asukkaat ovat enkeleit\u00e4, h\u00e4nen enkeleit\u00e4\u00e4n! Ja heid\u00e4n puolestaan h\u00e4n on valmis tekem\u00e4\u00e4n mit\u00e4 vain, koska heit\u00e4 h\u00e4n rakastaa. Erityisen paljon silloin kun he tekev\u00e4t pahojaan. Marin mielest\u00e4 h\u00e4nen\u00a0 teht\u00e4v\u00e4ns\u00e4 t\u00e4ss\u00e4 maailmassa on tehd\u00e4 enkelien el\u00e4m\u00e4 v\u00e4h\u00e4n helpommaksi ja antaa heille edes maallista hyv\u00e4\u00e4 t\u00e4ss\u00e4 julmassa ja ep\u00e4oikeudenmukaisessa maailmassa.<\/p>\n<p>Marin oma enkeli saapuu harrikalla, eik\u00e4 mik\u00e4\u00e4n ole en\u00e4\u00e4 entisens\u00e4. Veljeskuntakin sai vaipua unholaan, erityisesti h\u00e4nen entinen miehens\u00e4! Ehk\u00e4 Veljeskunnan olikin tullut aika hajaantua.<\/p>\n<p>Vanha mies kuittaa. Paitsi ett\u00e4 h\u00e4nen omalta osaltaan tarina ei olekaan aivan loppu. Vanhan kotikirkon alttaritaulua tapaillen: &#8221;Katso uudeksi min\u00e4 teen kaikki!&#8221;<\/p>\n<p><strong>Enkelten talo<\/strong><br \/>\n<em>228 sivua<\/em><br \/>\n<em>koko: 145 x 210 mm<\/em><br \/>\n<em>kovat kannet<\/em><br \/>\n<em>sidottu<\/em><br \/>\n<em>ISBN 978-952-7488-02-7<\/em><\/p>\n<h2>VIIMEINEN VIESTI<\/h2>\n<p><a href=\"http:\/\/www.textix.net\/wpv3\/wp-content\/uploads\/2022\/04\/VIIMEINEN-VIESTI.png\"><img loading=\"lazy\" decoding=\"async\" class=\"alignnone wp-image-891\" src=\"http:\/\/www.textix.net\/wpv3\/wp-content\/uploads\/2022\/04\/VIIMEINEN-VIESTI-203x300.png\" alt=\"\" width=\"260\" height=\"385\" srcset=\"https:\/\/www.textix.net\/wpv3\/wp-content\/uploads\/2022\/04\/VIIMEINEN-VIESTI-203x300.png 203w, https:\/\/www.textix.net\/wpv3\/wp-content\/uploads\/2022\/04\/VIIMEINEN-VIESTI-692x1024.png 692w, https:\/\/www.textix.net\/wpv3\/wp-content\/uploads\/2022\/04\/VIIMEINEN-VIESTI.png 772w\" sizes=\"(max-width: 260px) 100vw, 260px\" \/><\/a><\/p>\n<p><em>Viimeisen viestin kansikuva<\/em><\/p>\n<p>Viimeinen viesti on kertomus ikuisesta uskollisuudesta ja kaiken kest\u00e4v\u00e4st\u00e4 rakkaudesta maailmassa, jossa on tapahtunut paljon sellaista, josta emme tied\u00e4. Mies on odottanut viesti\u00e4 montakymment\u00e4 vuotta. Kun se lopulta tulee, h\u00e4n luulee mielikuvituksensa tehneen h\u00e4nelle tepposet. Mutta totta se on!<\/p>\n<p>Kirjekuoressa on matkalippu mustien oravien maahan Venezuelaan. Perill\u00e4 h\u00e4nt\u00e4 vastassa on nunna, jota h\u00e4n huomaamatta seuraa vanhaan nunnaluostariin.<\/p>\n<p>Syd\u00e4n pakahtuen h\u00e4n odottaa, kenet tulee tapaamaan. Kaikki ovat kuolleet, vain h\u00e4n on j\u00e4ljell\u00e4, mutta jollakulla on h\u00e4nelle viesti ja viimeinen teht\u00e4v\u00e4.<\/p>\n<p><strong>Viimeinen viesti<\/strong><br \/>\n<em>190 sivua<\/em><br \/>\n<em>koko: 145 x 210 mm<\/em><br \/>\n<em>kovat kannet<\/em><br \/>\n<em>sidottu<\/em><br \/>\n<em>ISBN 978-952-7488-01-0<\/em><\/p>\n","protected":false},"excerpt":{"rendered":"<p>Rakkautta, romantiikkaa, murhia ja fantasiaa NAISTEN TALO Onnellisten naisten tarina miehen kokemana Kuva: almgren \/ Shutterstock Kovaonnisen miehen auto tekee ten\u00e4n keskelle ei mit\u00e4\u00e4n pienen pihatien eteen. Mies ker\u00e4\u00e4 kimpsunsa ja kampsunsa ja aikoo j\u00e4tt\u00e4\u00e4 autonsa niille sijoilleen. Mutta sep\u00e4 ei k\u00e4yk\u00e4\u00e4n kahdestaan talossa asuville naisille, heid\u00e4n mielest\u00e4\u00e4n mies saa ottaa autonsa mukaan, heid\u00e4n tielleen [&hellip;]<\/p>\n","protected":false},"author":3,"featured_media":0,"parent":0,"menu_order":0,"comment_status":"closed","ping_status":"closed","template":"","meta":{"footnotes":""},"_links":{"self":[{"href":"https:\/\/www.textix.net\/index.php?rest_route=\/wp\/v2\/pages\/564"}],"collection":[{"href":"https:\/\/www.textix.net\/index.php?rest_route=\/wp\/v2\/pages"}],"about":[{"href":"https:\/\/www.textix.net\/index.php?rest_route=\/wp\/v2\/types\/page"}],"author":[{"embeddable":true,"href":"https:\/\/www.textix.net\/index.php?rest_route=\/wp\/v2\/users\/3"}],"replies":[{"embeddable":true,"href":"https:\/\/www.textix.net\/index.php?rest_route=%2Fwp%2Fv2%2Fcomments&post=564"}],"version-history":[{"count":50,"href":"https:\/\/www.textix.net\/index.php?rest_route=\/wp\/v2\/pages\/564\/revisions"}],"predecessor-version":[{"id":898,"href":"https:\/\/www.textix.net\/index.php?rest_route=\/wp\/v2\/pages\/564\/revisions\/898"}],"wp:attachment":[{"href":"https:\/\/www.textix.net\/index.php?rest_route=%2Fwp%2Fv2%2Fmedia&parent=564"}],"curies":[{"name":"wp","href":"https:\/\/api.w.org\/{rel}","templated":true}]}}