{"id":579,"date":"2021-08-07T11:28:22","date_gmt":"2021-08-07T08:28:22","guid":{"rendered":"http:\/\/www.textix.net\/wpv3\/?page_id=579"},"modified":"2021-08-15T17:22:14","modified_gmt":"2021-08-15T14:22:14","slug":"kirjat-nopeasti-ja-helposti-verkkokaupasta","status":"publish","type":"page","link":"https:\/\/www.textix.net\/?page_id=579","title":{"rendered":"Kirjat nopeasti ja helposti verkkokaupasta"},"content":{"rendered":"<p>Textixin verkkokauppaan p\u00e4\u00e4set linkist\u00e4<\/p>\n<p><span style=\"color: #0000ff;\"><a style=\"color: #0000ff;\" href=\"http:\/\/www.yourvismawebsite.com\/arcadic-viihdetuotanto-oy\">verkkokauppa<\/a><\/span><\/p>\n","protected":false},"excerpt":{"rendered":"<p>Textixin verkkokauppaan p\u00e4\u00e4set linkist\u00e4 verkkokauppa<\/p>\n","protected":false},"author":3,"featured_media":0,"parent":0,"menu_order":0,"comment_status":"closed","ping_status":"closed","template":"","meta":{"footnotes":""},"class_list":["post-579","page","type-page","status-publish","hentry"],"_links":{"self":[{"href":"https:\/\/www.textix.net\/index.php?rest_route=\/wp\/v2\/pages\/579","targetHints":{"allow":["GET"]}}],"collection":[{"href":"https:\/\/www.textix.net\/index.php?rest_route=\/wp\/v2\/pages"}],"about":[{"href":"https:\/\/www.textix.net\/index.php?rest_route=\/wp\/v2\/types\/page"}],"author":[{"embeddable":true,"href":"https:\/\/www.textix.net\/index.php?rest_route=\/wp\/v2\/users\/3"}],"replies":[{"embeddable":true,"href":"https:\/\/www.textix.net\/index.php?rest_route=%2Fwp%2Fv2%2Fcomments&post=579"}],"version-history":[{"count":9,"href":"https:\/\/www.textix.net\/index.php?rest_route=\/wp\/v2\/pages\/579\/revisions"}],"predecessor-version":[{"id":680,"href":"https:\/\/www.textix.net\/index.php?rest_route=\/wp\/v2\/pages\/579\/revisions\/680"}],"wp:attachment":[{"href":"https:\/\/www.textix.net\/index.php?rest_route=%2Fwp%2Fv2%2Fmedia&parent=579"}],"curies":[{"name":"wp","href":"https:\/\/api.w.org\/{rel}","templated":true}]}}