{"id":587,"date":"2021-08-07T11:36:02","date_gmt":"2021-08-07T08:36:02","guid":{"rendered":"http:\/\/www.textix.net\/wpv3\/?page_id=587"},"modified":"2025-07-25T10:57:39","modified_gmt":"2025-07-25T07:57:39","slug":"tilaa-soittamalla-sahkopostitse-tai-verkkokaupasta","status":"publish","type":"page","link":"https:\/\/www.textix.net\/?page_id=587","title":{"rendered":"TILAA"},"content":{"rendered":"\n<p><strong>Kaikki kirjat ovat heti tilattavissa. Jos tilaat suoraan meilt\u00e4 hinta on 20 euroa kirja (sis.alv). Kirjat toimitetaan kotiisi<\/strong>.&nbsp;<\/p>\n\n\n\n<p><\/p>\n\n\n\n<ul>\n<li>Tulen tytt\u00f6<\/li>\n\n\n\n<li>Iso\u00e4idin iltakirja<\/li>\n\n\n\n<li>El\u00e4m\u00e4 hymyilee kerran viikossa<\/li>\n\n\n\n<li>Enkelten talo<\/li>\n\n\n\n<li>Miekan suojelija<\/li>\n\n\n\n<li>Murha Fiskarsissa<\/li>\n\n\n\n<li>Murha hoitokodissa<\/li>\n\n\n\n<li>Murha Tuulipuistossa<\/li>\n\n\n\n<li>Naisten talo<\/li>\n\n\n\n<li>Terapian tarpeessa<\/li>\n\n\n\n<li>Unelma Espanjassa<\/li>\n\n\n\n<li>Viimeinen viesti<\/li>\n\n\n\n<li>Villi\u00e4 menoa<\/li>\n\n\n\n<li><\/li>\n<\/ul>\n\n\n\n<p><strong>Tilaajapalvelu<\/strong><\/p>\n\n\n\n<p>Voit soittaa tilaajapalveluumme ja saat kirjasi parin p\u00e4iv\u00e4n sis\u00e4ll\u00e4. Tilaajapalvelun numero on 040 568 8148<\/p>\n\n\n\n<p><strong>S\u00e4hk\u00f6posti<\/strong><\/p>\n\n\n\n<p>Voit tilata mink\u00e4 tahansa meid\u00e4n julkaiseman kirjan my\u00f6s s\u00e4hk\u00f6postitse laittamalla oman nimesi, osoitetietosi, puhelinnumerosi ja tilaamasi kirjan nimen osoitteeseen textixkustannus@gmail.com<\/p>\n\n\n\n<p><strong>Verkkokauppa<\/strong><\/p>\n\n\n\n<p>Voit tilata haluamasi kirjan my\u00f6s verkkokaupasta. Verkkokauppaan p\u00e4\u00e4set alla olevasta linkist\u00e4:<\/p>\n\n\n\n<p class=\"has-vivid-green-cyan-color has-text-color\"><span style=\"color: #339966;\"><a style=\"color: #339966;\" href=\"http:\/\/www.yourvismawebsite.com\/arcadic-viihdetuotanto-oy\"><em>textix verkkokauppa<\/em><\/a><\/span><\/p>\n\n\n\n<p><strong>Osta kaupasta<\/strong><\/p>\n\n\n\n<p>Kaikki kirjamme kuuluvat Kirjav\u00e4lityksen listoille. Kysy valitsemaasi kirjaa kirjakaupasta tai marketista.<\/p>\n\n\n\n<p class=\"has-vivid-green-cyan-color has-text-color\"><span style=\"color: #339966;\"><a style=\"color: #339966;\" href=\"http:\/\/www.textix.net\/wpv3\/?p=656\"><em>Maksu-, toimitus- ja peruutusohjeet<\/em><\/a><\/span><\/p>\n\n\n\n<p><\/p>\n","protected":false},"excerpt":{"rendered":"<p>Kaikki kirjat ovat heti tilattavissa. Jos tilaat suoraan meilt\u00e4 hinta on 20 euroa kirja (sis.alv). Kirjat toimitetaan kotiisi.&nbsp; Tilaajapalvelu Voit soittaa tilaajapalveluumme ja saat kirjasi parin p\u00e4iv\u00e4n sis\u00e4ll\u00e4. Tilaajapalvelun numero on 040 568 8148 S\u00e4hk\u00f6posti Voit tilata mink\u00e4 tahansa meid\u00e4n julkaiseman kirjan my\u00f6s s\u00e4hk\u00f6postitse laittamalla oman nimesi, osoitetietosi, puhelinnumerosi ja tilaamasi kirjan nimen osoitteeseen textixkustannus@gmail.com [&hellip;]<\/p>\n","protected":false},"author":3,"featured_media":0,"parent":0,"menu_order":0,"comment_status":"closed","ping_status":"closed","template":"","meta":{"footnotes":""},"_links":{"self":[{"href":"https:\/\/www.textix.net\/index.php?rest_route=\/wp\/v2\/pages\/587"}],"collection":[{"href":"https:\/\/www.textix.net\/index.php?rest_route=\/wp\/v2\/pages"}],"about":[{"href":"https:\/\/www.textix.net\/index.php?rest_route=\/wp\/v2\/types\/page"}],"author":[{"embeddable":true,"href":"https:\/\/www.textix.net\/index.php?rest_route=\/wp\/v2\/users\/3"}],"replies":[{"embeddable":true,"href":"https:\/\/www.textix.net\/index.php?rest_route=%2Fwp%2Fv2%2Fcomments&post=587"}],"version-history":[{"count":35,"href":"https:\/\/www.textix.net\/index.php?rest_route=\/wp\/v2\/pages\/587\/revisions"}],"predecessor-version":[{"id":1422,"href":"https:\/\/www.textix.net\/index.php?rest_route=\/wp\/v2\/pages\/587\/revisions\/1422"}],"wp:attachment":[{"href":"https:\/\/www.textix.net\/index.php?rest_route=%2Fwp%2Fv2%2Fmedia&parent=587"}],"curies":[{"name":"wp","href":"https:\/\/api.w.org\/{rel}","templated":true}]}}