{"id":592,"date":"2021-08-07T11:42:42","date_gmt":"2021-08-07T08:42:42","guid":{"rendered":"http:\/\/www.textix.net\/wpv3\/?page_id=592"},"modified":"2021-08-07T21:06:28","modified_gmt":"2021-08-07T18:06:28","slug":"upea-taidekalenteri-2022","status":"publish","type":"page","link":"https:\/\/www.textix.net\/?page_id=592","title":{"rendered":"Upea taidekalenteri 2022"},"content":{"rendered":"<p>Voit tilata my\u00f6s upean taidekalenterin, joka ilmestyy lokakuussa. Se maksaa 10 euroa. Taidekalenterissa on p\u00e4ivien,\u00a0 juhlap\u00e4ivien ja kirkkopyhien lis\u00e4ksi kaikki suomenkieliset nimip\u00e4iv\u00e4t ja paljon muuta. Kalenteri postitetaan tilaajille lokakuussa ilmen erillist\u00e4 maksua.<\/p>\n<p>&nbsp;<\/p>\n<p><a href=\"http:\/\/www.textix.net\/wpv3\/wp-content\/uploads\/2021\/08\/TAIDEKALENTERI-2022-1.png\"><img loading=\"lazy\" decoding=\"async\" class=\"alignnone wp-image-628\" src=\"http:\/\/www.textix.net\/wpv3\/wp-content\/uploads\/2021\/08\/TAIDEKALENTERI-2022-1.png\" alt=\"\" width=\"420\" height=\"297\" srcset=\"https:\/\/www.textix.net\/wpv3\/wp-content\/uploads\/2021\/08\/TAIDEKALENTERI-2022-1.png 945w, https:\/\/www.textix.net\/wpv3\/wp-content\/uploads\/2021\/08\/TAIDEKALENTERI-2022-1-300x212.png 300w\" sizes=\"auto, (max-width: 420px) 100vw, 420px\" \/><\/a><\/p>\n","protected":false},"excerpt":{"rendered":"<p>Voit tilata my\u00f6s upean taidekalenterin, joka ilmestyy lokakuussa. Se maksaa 10 euroa. Taidekalenterissa on p\u00e4ivien,\u00a0 juhlap\u00e4ivien ja kirkkopyhien lis\u00e4ksi kaikki suomenkieliset nimip\u00e4iv\u00e4t ja paljon muuta. Kalenteri postitetaan tilaajille lokakuussa ilmen erillist\u00e4 maksua. &nbsp;<\/p>\n","protected":false},"author":3,"featured_media":0,"parent":0,"menu_order":0,"comment_status":"closed","ping_status":"closed","template":"","meta":{"footnotes":""},"class_list":["post-592","page","type-page","status-publish","hentry"],"_links":{"self":[{"href":"https:\/\/www.textix.net\/index.php?rest_route=\/wp\/v2\/pages\/592","targetHints":{"allow":["GET"]}}],"collection":[{"href":"https:\/\/www.textix.net\/index.php?rest_route=\/wp\/v2\/pages"}],"about":[{"href":"https:\/\/www.textix.net\/index.php?rest_route=\/wp\/v2\/types\/page"}],"author":[{"embeddable":true,"href":"https:\/\/www.textix.net\/index.php?rest_route=\/wp\/v2\/users\/3"}],"replies":[{"embeddable":true,"href":"https:\/\/www.textix.net\/index.php?rest_route=%2Fwp%2Fv2%2Fcomments&post=592"}],"version-history":[{"count":6,"href":"https:\/\/www.textix.net\/index.php?rest_route=\/wp\/v2\/pages\/592\/revisions"}],"predecessor-version":[{"id":633,"href":"https:\/\/www.textix.net\/index.php?rest_route=\/wp\/v2\/pages\/592\/revisions\/633"}],"wp:attachment":[{"href":"https:\/\/www.textix.net\/index.php?rest_route=%2Fwp%2Fv2%2Fmedia&parent=592"}],"curies":[{"name":"wp","href":"https:\/\/api.w.org\/{rel}","templated":true}]}}