{"id":737,"date":"2021-10-12T11:33:58","date_gmt":"2021-10-12T08:33:58","guid":{"rendered":"http:\/\/www.textix.net\/wpv3\/?page_id=737"},"modified":"2021-10-12T11:38:20","modified_gmt":"2021-10-12T08:38:20","slug":"tarjoukset","status":"publish","type":"page","link":"https:\/\/www.textix.net\/?page_id=737","title":{"rendered":"Tarjoukset"},"content":{"rendered":"<p><strong>OKJ-tarjous<\/strong><\/p>\n<p>Opaskoiran Joulun tilaajille ja ilmoittajille on edullinen kirjatarjous jouluun asti. Naisten talo, Murha Fiskarsissa ja Miekan suojelija\u00a0 maksavat 15 euroa \/ kirja kotiin toimitettuna.<\/p>\n<p>Voit tilata puhelimitse, s\u00e4hk\u00f6postitse tai suoraan verkkokaupasta. Katso ohjeet kohdasta <span style=\"color: #0000ff;\"><a style=\"color: #0000ff;\" href=\"http:\/\/www.textix.net\/wpv3\/?page_id=587\">Tilaa helposti<\/a><\/span> tai klikkaa linkki\u00e4.<\/p>\n","protected":false},"excerpt":{"rendered":"<p>OKJ-tarjous Opaskoiran Joulun tilaajille ja ilmoittajille on edullinen kirjatarjous jouluun asti. Naisten talo, Murha Fiskarsissa ja Miekan suojelija\u00a0 maksavat 15 euroa \/ kirja kotiin toimitettuna. Voit tilata puhelimitse, s\u00e4hk\u00f6postitse tai suoraan verkkokaupasta. Katso ohjeet kohdasta Tilaa helposti tai klikkaa linkki\u00e4.<\/p>\n","protected":false},"author":3,"featured_media":0,"parent":0,"menu_order":0,"comment_status":"closed","ping_status":"closed","template":"","meta":{"footnotes":""},"class_list":["post-737","page","type-page","status-publish","hentry"],"_links":{"self":[{"href":"https:\/\/www.textix.net\/index.php?rest_route=\/wp\/v2\/pages\/737","targetHints":{"allow":["GET"]}}],"collection":[{"href":"https:\/\/www.textix.net\/index.php?rest_route=\/wp\/v2\/pages"}],"about":[{"href":"https:\/\/www.textix.net\/index.php?rest_route=\/wp\/v2\/types\/page"}],"author":[{"embeddable":true,"href":"https:\/\/www.textix.net\/index.php?rest_route=\/wp\/v2\/users\/3"}],"replies":[{"embeddable":true,"href":"https:\/\/www.textix.net\/index.php?rest_route=%2Fwp%2Fv2%2Fcomments&post=737"}],"version-history":[{"count":4,"href":"https:\/\/www.textix.net\/index.php?rest_route=\/wp\/v2\/pages\/737\/revisions"}],"predecessor-version":[{"id":742,"href":"https:\/\/www.textix.net\/index.php?rest_route=\/wp\/v2\/pages\/737\/revisions\/742"}],"wp:attachment":[{"href":"https:\/\/www.textix.net\/index.php?rest_route=%2Fwp%2Fv2%2Fmedia&parent=737"}],"curies":[{"name":"wp","href":"https:\/\/api.w.org\/{rel}","templated":true}]}}