{"id":799,"date":"2022-02-26T15:30:13","date_gmt":"2022-02-26T13:30:13","guid":{"rendered":"http:\/\/www.textix.net\/wpv3\/?page_id=799"},"modified":"2023-01-12T11:39:41","modified_gmt":"2023-01-12T09:39:41","slug":"kirjan-ystavat-2","status":"publish","type":"page","link":"https:\/\/www.textix.net\/?page_id=799","title":{"rendered":"KIRJAN YST\u00c4V\u00c4T"},"content":{"rendered":"<p>Uusi Kirjan Yst\u00e4v\u00e4t -lehti on ilmestynyt! Voit ladata sen klikkaamalla kuvaa tai alla olevaa linkki\u00e4.<\/p>\n<p><a href=\"https:\/\/www.virtualmagnet.eu\/pub\/148\/KIRJANYSTAVAT_1\/\"><img loading=\"lazy\" decoding=\"async\" class=\"alignnone wp-image-868\" src=\"http:\/\/www.textix.net\/wpv3\/wp-content\/uploads\/2022\/04\/kirjanystavat1_kansi-212x300.png\" alt=\"\" width=\"212\" height=\"300\" srcset=\"https:\/\/www.textix.net\/wpv3\/wp-content\/uploads\/2022\/04\/kirjanystavat1_kansi-212x300.png 212w, https:\/\/www.textix.net\/wpv3\/wp-content\/uploads\/2022\/04\/kirjanystavat1_kansi.png 557w\" sizes=\"auto, (max-width: 212px) 100vw, 212px\" \/><\/a><\/p>\n<p><span style=\"color: #0000ff;\"><a style=\"color: #0000ff;\" href=\"https:\/\/www.virtualmagnet.eu\/pub\/148\/KIRJANYSTAVAT_1\/\">Kirjan Yst\u00e4v\u00e4t 1 2022<\/a><\/span><\/p>\n<p>Kirjan yst\u00e4v\u00e4t ilmestyy kahdesti vuodessa: kerran kev\u00e4\u00e4ll\u00e4 ja kerran syksyll\u00e4 ennen kirjamessuja. Lehti esittelee pienten kustantajien valikoituja kirjoja ja kirjailijoita kustantajia unohtamatta. Kirjan yst\u00e4v\u00e4t on maksuton julkaisu, joka levi\u00e4\u00e4 sosiaalisessa mediassa. Tervetuloa mukaan!<\/p>\n<p><em>Jos hyv\u00e4t kirjat kiinnostavat, kannattaa k\u00e4yd\u00e4 n\u00e4ill\u00e4 sivuilla. Voi olla ett\u00e4 yll\u00e4t\u00e4mme lukijat extranumeroilla, jos Kirjan yst\u00e4v\u00e4t saa yst\u00e4vi\u00e4. Seuraa meit\u00e4 facessa ja muualla mediassa!\u00a0<\/em><\/p>\n","protected":false},"excerpt":{"rendered":"<p>Uusi Kirjan Yst\u00e4v\u00e4t -lehti on ilmestynyt! Voit ladata sen klikkaamalla kuvaa tai alla olevaa linkki\u00e4. Kirjan Yst\u00e4v\u00e4t 1 2022 Kirjan yst\u00e4v\u00e4t ilmestyy kahdesti vuodessa: kerran kev\u00e4\u00e4ll\u00e4 ja kerran syksyll\u00e4 ennen kirjamessuja. Lehti esittelee pienten kustantajien valikoituja kirjoja ja kirjailijoita kustantajia unohtamatta. Kirjan yst\u00e4v\u00e4t on maksuton julkaisu, joka levi\u00e4\u00e4 sosiaalisessa mediassa. Tervetuloa mukaan! Jos hyv\u00e4t kirjat [&hellip;]<\/p>\n","protected":false},"author":3,"featured_media":0,"parent":0,"menu_order":0,"comment_status":"closed","ping_status":"closed","template":"","meta":{"footnotes":""},"class_list":["post-799","page","type-page","status-publish","hentry"],"_links":{"self":[{"href":"https:\/\/www.textix.net\/index.php?rest_route=\/wp\/v2\/pages\/799","targetHints":{"allow":["GET"]}}],"collection":[{"href":"https:\/\/www.textix.net\/index.php?rest_route=\/wp\/v2\/pages"}],"about":[{"href":"https:\/\/www.textix.net\/index.php?rest_route=\/wp\/v2\/types\/page"}],"author":[{"embeddable":true,"href":"https:\/\/www.textix.net\/index.php?rest_route=\/wp\/v2\/users\/3"}],"replies":[{"embeddable":true,"href":"https:\/\/www.textix.net\/index.php?rest_route=%2Fwp%2Fv2%2Fcomments&post=799"}],"version-history":[{"count":26,"href":"https:\/\/www.textix.net\/index.php?rest_route=\/wp\/v2\/pages\/799\/revisions"}],"predecessor-version":[{"id":907,"href":"https:\/\/www.textix.net\/index.php?rest_route=\/wp\/v2\/pages\/799\/revisions\/907"}],"wp:attachment":[{"href":"https:\/\/www.textix.net\/index.php?rest_route=%2Fwp%2Fv2%2Fmedia&parent=799"}],"curies":[{"name":"wp","href":"https:\/\/api.w.org\/{rel}","templated":true}]}}