{"id":908,"date":"2023-01-12T17:40:26","date_gmt":"2023-01-12T15:40:26","guid":{"rendered":"http:\/\/www.textix.net\/wpv3\/?page_id=908"},"modified":"2024-01-08T15:35:42","modified_gmt":"2024-01-08T13:35:42","slug":"uutuudet","status":"publish","type":"page","link":"https:\/\/www.textix.net\/?page_id=908","title":{"rendered":"ERILAISTA RAKKAUTTA"},"content":{"rendered":"<div class=\"wp-block-image\">\n<figure class=\"alignleft is-resized\"><a href=\"http:\/\/www.textix.net\/wpv3\/wp-content\/uploads\/2023\/01\/Terapian-tarpeessa_k_p.jpg\"><img loading=\"lazy\" decoding=\"async\" src=\"http:\/\/www.textix.net\/wpv3\/wp-content\/uploads\/2023\/01\/Terapian-tarpeessa_k_p.jpg\" alt=\"Vain el\u00e4m\u00e4\u00e4 -sivun ainoassa kuvassa on Terapian tarpeessa -kirjan kansikuva. Se on sama kuva kuin edellisen sivun Kirjan yst\u00e4viss\u00e4. Kuvassa on v\u00e4h\u00e4pukinen nainen, jolla on paksu panta kaulassaan. Kuvan yl\u00e4osassa lukee Terapian tarpeessa, alaosassa Enkelihoitaja ja Foxman sek\u00e4 kirjoittajan nimi Ali Kinnunen.\" class=\"wp-image-909\" width=\"444\" height=\"630\" srcset=\"https:\/\/www.textix.net\/wpv3\/wp-content\/uploads\/2023\/01\/Terapian-tarpeessa_k_p.jpg 444w, https:\/\/www.textix.net\/wpv3\/wp-content\/uploads\/2023\/01\/Terapian-tarpeessa_k_p-211x300.jpg 211w\" sizes=\"auto, (max-width: 444px) 100vw, 444px\" \/><\/a><figcaption class=\"wp-element-caption\">198 sivua isbn 978-952-7488-04-1<\/figcaption><\/figure>\n<\/div>\n\n\n<p><strong>TERAPIAN TARPEESSA<\/strong><\/p>\n\n\n\n<p style=\"font-size:em\"><em>T\u00e4lle kirjalle sopisi otsikoksi Vain el\u00e4m\u00e4\u00e4. Kirja kertoo ihmisist\u00e4, jotka voisivat olla ihan tavallisia ihmisi\u00e4, mutta jotka eiv\u00e4t kuitenkaan ole. Toisaalta heille tapahtuu asioita, joita voisivat tapahtua kenelle tahansa &#8211; vai voisivatkoko, sit\u00e4 voi jokainen tutkiskella lukiessaan.<\/em><\/p>\n\n\n\n<p><strong>ENKELIHOITAJA  <\/strong>                                                                           <\/p>\n\n\n\n<p>Mies her\u00e4\u00e4 taivaassa muistamatta mit\u00e4\u00e4n. H\u00e4nt\u00e4 hoitaa omituinen tytt\u00f6pari: outo Enkelihoitaja ja vain nahkapantaan pukeutunut tytt\u00f6, joka kerj\u00e4\u00e4 koko ajan alistamista. Kun mies palaa todellisuuteen, selvi\u00e4\u00e4 ett\u00e4 h\u00e4net on hakattu melkein kuoliaaksi. Mit\u00e4 on tapahtunut? Ja mik\u00e4 on teht\u00e4v\u00e4, joka kummittelee h\u00e4nen muistissaan, mik\u00e4 on h\u00e4t\u00e4\u00e4ntynyt \u00e4\u00e4ni, joka kertoo h\u00e4nen p\u00e4\u00e4ss\u00e4\u00e4n hirve\u00e4t\u00e4 tarinaa ja yllytt\u00e4\u00e4: \u201dEtsi Vuk! Kosta puolestamme, min\u00e4 odotan sinua!\u201d<\/p>\n\n\n\n<p><strong>FOXMAN<\/strong> <\/p>\n\n\n\n<p>Kettutytt\u00f6j\u00e4, ty\u00f6tt\u00f6mi\u00e4, mielenterveyskuntoutujia, viranomaisia \u2013 ja tavallinen suomalainen mies, joka haluaa el\u00e4\u00e4 el\u00e4m\u00e4\u00e4ns\u00e4. Mutta mit\u00e4 tapahtuu, kun h\u00e4n saa tarpeekseen s\u00e4\u00e4nn\u00f6ist\u00e4 ja panee kaiken uusiksi saamiensa ohjeiden mukaan: \u00e4l\u00e4 kommentoi, \u00e4l\u00e4 tunnusta, \u00e4l\u00e4 kerro mit\u00e4\u00e4n, \u00e4l\u00e4 vastaa kysymyksiin! Valehtele aina kun pystyt! Eik\u00e4 siin\u00e4 viel\u00e4 kaikki! H\u00e4nell\u00e4 on salaisuus, jota on syyt\u00e4 pel\u00e4t\u00e4. <\/p>\n\n\n\n<p class=\"has-vivid-green-cyan-color has-text-color\"><em> <a href=\"http:\/\/www.textix.net\/wpv3\/?p=911\">Lue Enkelihoitajan ja Foxmanin ensimm\u00e4iset sivut<\/a><\/em><\/p>\n","protected":false},"excerpt":{"rendered":"<p>TERAPIAN TARPEESSA T\u00e4lle kirjalle sopisi otsikoksi Vain el\u00e4m\u00e4\u00e4. Kirja kertoo ihmisist\u00e4, jotka voisivat olla ihan tavallisia ihmisi\u00e4, mutta jotka eiv\u00e4t kuitenkaan ole. Toisaalta heille tapahtuu asioita, joita voisivat tapahtua kenelle tahansa &#8211; vai voisivatkoko, sit\u00e4 voi jokainen tutkiskella lukiessaan. ENKELIHOITAJA Mies her\u00e4\u00e4 taivaassa muistamatta mit\u00e4\u00e4n. H\u00e4nt\u00e4 hoitaa omituinen tytt\u00f6pari: outo Enkelihoitaja ja vain nahkapantaan pukeutunut [&hellip;]<\/p>\n","protected":false},"author":4,"featured_media":0,"parent":0,"menu_order":0,"comment_status":"closed","ping_status":"closed","template":"","meta":{"footnotes":""},"class_list":["post-908","page","type-page","status-publish","hentry"],"_links":{"self":[{"href":"https:\/\/www.textix.net\/index.php?rest_route=\/wp\/v2\/pages\/908","targetHints":{"allow":["GET"]}}],"collection":[{"href":"https:\/\/www.textix.net\/index.php?rest_route=\/wp\/v2\/pages"}],"about":[{"href":"https:\/\/www.textix.net\/index.php?rest_route=\/wp\/v2\/types\/page"}],"author":[{"embeddable":true,"href":"https:\/\/www.textix.net\/index.php?rest_route=\/wp\/v2\/users\/4"}],"replies":[{"embeddable":true,"href":"https:\/\/www.textix.net\/index.php?rest_route=%2Fwp%2Fv2%2Fcomments&post=908"}],"version-history":[{"count":35,"href":"https:\/\/www.textix.net\/index.php?rest_route=\/wp\/v2\/pages\/908\/revisions"}],"predecessor-version":[{"id":1319,"href":"https:\/\/www.textix.net\/index.php?rest_route=\/wp\/v2\/pages\/908\/revisions\/1319"}],"wp:attachment":[{"href":"https:\/\/www.textix.net\/index.php?rest_route=%2Fwp%2Fv2%2Fmedia&parent=908"}],"curies":[{"name":"wp","href":"https:\/\/api.w.org\/{rel}","templated":true}]}}