{"id":960,"date":"2023-01-13T09:23:27","date_gmt":"2023-01-13T07:23:27","guid":{"rendered":"http:\/\/www.textix.net\/wpv3\/?page_id=960"},"modified":"2023-01-21T09:58:44","modified_gmt":"2023-01-21T07:58:44","slug":"fantasia","status":"publish","type":"page","link":"https:\/\/www.textix.net\/?page_id=960","title":{"rendered":"FANTASIA"},"content":{"rendered":"\n<div class=\"wp-block-image\"><figure class=\"alignleft size-full is-resized\"><a href=\"http:\/\/www.textix.net\/wpv3\/wp-content\/uploads\/2023\/01\/villia-menoa.png\"><img loading=\"lazy\" decoding=\"async\" src=\"http:\/\/www.textix.net\/wpv3\/wp-content\/uploads\/2023\/01\/villia-menoa.png\" alt=\"Fantasia -sivulla esitell\u00e4\u00e4n kaksi kirjaa. Villi\u00e4 menoa kirjan kannessa nuorehko karhu istuu hyv\u00e4ntuulisena selk\u00e4 m\u00e4nnynrunkoa vasten ja her\u00e4tt\u00e4\u00e4 paljon sympaattisia ajatuksia. Kannen tekstit: Tapio Kantola, Kissan tuoksu, Karhun kanssa, TextixKustannus. Kirjassa on siis kaksi luontoaiheista tarinaa. Kirjan kirjoittamiseen on osallistunut my\u00f6s Ali Kinnunen.\" class=\"wp-image-963\" width=\"459\" height=\"627\" srcset=\"https:\/\/www.textix.net\/wpv3\/wp-content\/uploads\/2023\/01\/villia-menoa.png 461w, https:\/\/www.textix.net\/wpv3\/wp-content\/uploads\/2023\/01\/villia-menoa-220x300.png 220w\" sizes=\"auto, (max-width: 459px) 100vw, 459px\" \/><\/a><figcaption>168 sivua isbn 978-952-7488-03-4<\/figcaption><\/figure><\/div>\n\n\n\n<p><strong>VILLI\u00c4 MENOA<\/strong> <\/p>\n\n\n\n<p>Kirja <em>sis\u00e4lt\u00e4\u00e4 kaksi l\u00e4hes taianomaista alkuper\u00e4iseen luontoon sijoittuvaa tarinaa. N\u00e4m\u00e4 hellytt\u00e4v\u00e4t ja<br>koskettavat kertomukset saavat jokaisen aidon el\u00e4intenyst\u00e4v\u00e4n heng\u00e4stym\u00e4\u00e4n lukiessaan. Tarinoista ei puutu my\u00f6sk\u00e4\u00e4n rakkautta eik\u00e4 romantiikkaa, ne ottavat kantaa pienen, jopa syrj\u00e4ytyneen ihmisen puolesta.<\/em><\/p>\n\n\n\n<p><strong>KISSAN TUOKSU<\/strong><br>Kissan tuoksun hahmoja ovat Kissanainen, Elmeri, Somali, Taavi, Kissavouti ja rakkaat Emu ja Hammaa, mutta my\u00f6s kohtalokas Kaunis Tumma.<\/p>\n\n\n\n<p><strong>KARHUN KANSSA<\/strong><\/p>\n\n\n\n<p>Karhun kanssa tapahtuu koskemattomassa luonnossa kaupungin l\u00e4hell\u00e4 mutta silti niin kaukana ett\u00e4 sinne p\u00e4\u00e4see vain Rohjolla. Kirjan hahmoja<br>ovat karhut Pentu ja Mama, joka tarvitsee pikaisesti apua.<\/p>\n\n\n\n<p><em>Kirjan on kirjoittanut Tapio Kantola ja sen on toimittanut Ali Kinnunen.<\/em><\/p>\n\n\n\n<p class=\"has-vivid-green-cyan-color has-text-color\"><a href=\"http:\/\/www.textix.net\/wpv3\/?p=965\"><em>Lue Kissa tuoksu -kirjan alku<\/em><\/a><\/p>\n\n\n\n<p class=\"has-vivid-green-cyan-color has-text-color\"><em>L<a href=\"http:\/\/www.textix.net\/wpv3\/?p=968\">ue Karhun kanssa -kirjan alku<\/a><\/em><\/p>\n\n\n\n<div class=\"wp-block-image\"><figure class=\"alignleft size-large is-resized\"><a href=\"http:\/\/www.textix.net\/wpv3\/wp-content\/uploads\/2023\/01\/MIEKAN-SUOJELIJA.png\"><img loading=\"lazy\" decoding=\"async\" src=\"http:\/\/www.textix.net\/wpv3\/wp-content\/uploads\/2023\/01\/MIEKAN-SUOJELIJA-674x1024.png\" alt=\"Miekan suojelija -kirja on uutta fantasiaa. Kuvassa on suurikokoinen ter\u00e4shohtoinen miekka, joka on t\u00f6k\u00e4tty vinottain maahan, taivas l\u00e4ikehtii mustanoranssina. Lis\u00e4ksi on tekstit: Miekan suojelija, kirjoittaja Con Troller, suora lainaus &quot;Sam doah, sat zada!&quot; jonka merkitys selvi\u00e4\u00e4\u00e4 kirjasta. Lis\u00e4ksi textix.net.\" class=\"wp-image-974\" width=\"459\" height=\"627\"\/><\/a><figcaption>196 sivua isbn 978-952-69707-2-1<\/figcaption><\/figure><\/div>\n\n\n\n<p><strong>MIEKAN SUOJELIJA<\/strong><\/p>\n\n\n\n<p><em>Vanhan Miekan Majatalossa on alkamassa taistelu, jonka tarkastuspartion johtaja tiet\u00e4\u00e4 voittavansa. T\u00e4m\u00e4 suostuu kuitenkin pilkaten ja ilkkuen lupaamaan niskuroivalle nuorelle miehelle aseeksi vanhan ruosteisen miekan majatalon sein\u00e4lt\u00e4. Johtaja valmistautuu upottamaan oman miekkansa nuoren miehen rintaan.<\/em><\/p>\n\n\n\n<p>Vain vanha mies n\u00e4kee miekan v\u00e4l\u00e4ht\u00e4v\u00e4n ilmassa. H\u00e4n hymyilee kuullessaan hiljaista laulua.<br>Miekka lenn\u00e4ht\u00e4\u00e4 tuvan poikki v\u00e4lkkyen ja salamoiden. Kun poika nappaa sen k\u00e4teens\u00e4, miekka helisee kuin olisi p\u00e4\u00e4ssyt kotiin. Sen ruosteinen pinta rapisee lattialle ja paljastaa kullanhohtoisen ter\u00e4n, joka loistaa taianomaista lumovaloa. Arielin kadonnut miekka oli l\u00f6ytynyt!<\/p>\n\n\n\n<p class=\"has-vivid-green-cyan-color has-text-color\"><a href=\"http:\/\/www.textix.net\/wpv3\/?p=976\"><em>Lue Miekan suojelija -kirjan alku<\/em><\/a><\/p>\n","protected":false},"excerpt":{"rendered":"<p>VILLI\u00c4 MENOA Kirja sis\u00e4lt\u00e4\u00e4 kaksi l\u00e4hes taianomaista alkuper\u00e4iseen luontoon sijoittuvaa tarinaa. N\u00e4m\u00e4 hellytt\u00e4v\u00e4t jakoskettavat kertomukset saavat jokaisen aidon el\u00e4intenyst\u00e4v\u00e4n heng\u00e4stym\u00e4\u00e4n lukiessaan. Tarinoista ei puutu my\u00f6sk\u00e4\u00e4n rakkautta eik\u00e4 romantiikkaa, ne ottavat kantaa pienen, jopa syrj\u00e4ytyneen ihmisen puolesta. KISSAN TUOKSUKissan tuoksun hahmoja ovat Kissanainen, Elmeri, Somali, Taavi, Kissavouti ja rakkaat Emu ja Hammaa, mutta my\u00f6s kohtalokas Kaunis [&hellip;]<\/p>\n","protected":false},"author":4,"featured_media":0,"parent":0,"menu_order":0,"comment_status":"closed","ping_status":"closed","template":"","meta":{"footnotes":""},"class_list":["post-960","page","type-page","status-publish","hentry"],"_links":{"self":[{"href":"https:\/\/www.textix.net\/index.php?rest_route=\/wp\/v2\/pages\/960","targetHints":{"allow":["GET"]}}],"collection":[{"href":"https:\/\/www.textix.net\/index.php?rest_route=\/wp\/v2\/pages"}],"about":[{"href":"https:\/\/www.textix.net\/index.php?rest_route=\/wp\/v2\/types\/page"}],"author":[{"embeddable":true,"href":"https:\/\/www.textix.net\/index.php?rest_route=\/wp\/v2\/users\/4"}],"replies":[{"embeddable":true,"href":"https:\/\/www.textix.net\/index.php?rest_route=%2Fwp%2Fv2%2Fcomments&post=960"}],"version-history":[{"count":13,"href":"https:\/\/www.textix.net\/index.php?rest_route=\/wp\/v2\/pages\/960\/revisions"}],"predecessor-version":[{"id":1218,"href":"https:\/\/www.textix.net\/index.php?rest_route=\/wp\/v2\/pages\/960\/revisions\/1218"}],"wp:attachment":[{"href":"https:\/\/www.textix.net\/index.php?rest_route=%2Fwp%2Fv2%2Fmedia&parent=960"}],"curies":[{"name":"wp","href":"https:\/\/api.w.org\/{rel}","templated":true}]}}